{"id":2394,"date":"2023-04-04T18:10:26","date_gmt":"2023-04-04T16:10:26","guid":{"rendered":"https:\/\/b-brave.it\/?page_id=2394"},"modified":"2024-06-25T12:23:17","modified_gmt":"2024-06-25T10:23:17","slug":"health-care-folder","status":"publish","type":"page","link":"https:\/\/b-brave.it\/es\/health-care-folder\/","title":{"rendered":"Carpeta de atenci\u00f3n m\u00e9dica"},"content":{"rendered":"<div class=\"fusion-fullwidth fullwidth-box fusion-builder-row-1 fusion-flex-container nonhundred-percent-fullwidth non-hundred-percent-height-scrolling\" style=\"--awb-border-radius-top-left:0px;--awb-border-radius-top-right:0px;--awb-border-radius-bottom-right:0px;--awb-border-radius-bottom-left:0px;\" ><div class=\"fusion-builder-row fusion-row fusion-flex-align-items-flex-start\" style=\"max-width:1224px;margin-left: calc(-2% \/ 2 );margin-right: calc(-2% \/ 2 );\"><div class=\"fusion-layout-column fusion_builder_column fusion-builder-column-0 fusion_builder_column_1_1 1_1 fusion-flex-column\" style=\"--awb-bg-blend:overlay;--awb-bg-size:cover;--awb-width-large:100%;--awb-margin-top-large:0px;--awb-spacing-right-large:0.98%;--awb-margin-bottom-large:0px;--awb-spacing-left-large:0.98%;--awb-width-medium:100%;--awb-spacing-right-medium:0.98%;--awb-spacing-left-medium:0.98%;--awb-width-small:100%;--awb-spacing-right-small:0.98%;--awb-spacing-left-small:0.98%;\"><div class=\"fusion-column-wrapper fusion-flex-justify-content-flex-start fusion-content-layout-column\"><div class=\"fusion-text fusion-text-1\" style=\"--awb-font-size:20px;--awb-text-font-family:&quot;Archivo&quot;;--awb-text-font-style:normal;--awb-text-font-weight:400;\"><h3 id=\"tw-target-text\" class=\"wp-block-preformatted fusion-responsive-typography-calculated\" style=\"--fontsize: 42; line-height: 1.3; --fontSize: 42;\" data-fontsize=\"42\" data-lineheight=\"54.6px\"><strong>Soluci\u00f3n innovadora para la gesti\u00f3n integrada del cartel socio-sanitario<\/strong><\/h3>\n<p><!-- \/wp:preformatted --><\/p>\n<p><!-- wp:image {\"align\":\"right\",\"id\":2390,\"sizeSlug\":\"full\",\"linkDestination\":\"none\"} --><\/p>\n<figure class=\"wp-block-image alignright size-full\"><img decoding=\"async\" width=\"500\" height=\"750\" class=\"lazyload wp-image-2390\" src=\"https:\/\/b-brave.it\/wp-content\/uploads\/2023\/04\/Health-Care-Folder.jpeg\" data-orig-src=\"https:\/\/b-brave.it\/wp-content\/uploads\/2023\/04\/Health-Care-Folder.jpeg\" alt=\"\" srcset=\"data:image\/svg+xml,%3Csvg%20xmlns%3D%27http%3A%2F%2Fwww.w3.org%2F2000%2Fsvg%27%20width%3D%27500%27%20height%3D%27750%27%20viewBox%3D%270%200%20500%20750%27%3E%3Crect%20width%3D%27500%27%20height%3D%27750%27%20fill-opacity%3D%220%22%2F%3E%3C%2Fsvg%3E\" data-srcset=\"https:\/\/b-brave.it\/wp-content\/uploads\/2023\/04\/Health-Care-Folder-200x300.jpeg 200w, https:\/\/b-brave.it\/wp-content\/uploads\/2023\/04\/Health-Care-Folder-400x600.jpeg 400w, https:\/\/b-brave.it\/wp-content\/uploads\/2023\/04\/Health-Care-Folder.jpeg 500w\" data-sizes=\"auto\" data-orig-sizes=\"(max-width: 500px) 100vw, 500px\" \/><\/figure>\n<p><!-- \/wp:image --><\/p>\n<p><!-- wp:paragraph --><\/p>\n<p>El software tiene como objetivo minimizar el tiempo que tarda el operador en certificar su trabajo dentro de las Comunidades\/Estructuras, haciendo que su trabajo sea \u00fatil para sus compa\u00f1eros de equipo y para la cooperativa\/empresa para la que trabaja.<\/p>\n<p><!-- \/wp:paragraph --><\/p>\n<p><!-- wp:paragraph --><\/p>\n<p><strong style=\"color: #c4323d;\">IMPACTO<\/strong><br><\/p>\n<p class=\"translation-block\">Ayuda concreta ofrecida por un sector, el sector TI, aparentemente distante en t\u00e9rminos relacionales; una nueva forma de leer las necesidades y resolverlas. Un vuelco a los procedimientos utilizados hasta ahora. La planificaci\u00f3n de las intervenciones y su programaci\u00f3n producir\u00e1n efectos en la organizaci\u00f3n y la consecuci\u00f3n de los objetivos fijados, dejando a la programaci\u00f3n el papel que merece.<\/p>\n<p><!-- \/wp:paragraph --><\/p>\n<p><!-- wp:paragraph --><\/p>\n<p class=\"translation-block\">Poder planificar el plan de intervenci\u00f3n a cualquier nivel (pedag\u00f3gico, estructural, relacional, etc.) garantiza que tienes objetivos claros que alcanzar y, por tanto, que puedes definir los resultados que se determinar\u00e1n previamente.<\/p>\n<p><!-- \/wp:paragraph --><\/p>\n<p><!-- wp:paragraph --><\/p>\n<p><strong style=\"color: var(--awb-custom_color_1);\">DIGITALIZACI\u00d3N<\/strong><br><\/p>\n<p><span style=\"color: var(--awb-text-color); font-family: var(--awb-text-font-family); font-size: var(--awb-font-size); font-style: var(--awb-text-font-style); font-weight: var(--awb-text-font-weight); letter-spacing: var(--awb-letter-spacing); text-align: var(--awb-content-alignment); text-transform: var(--awb-text-transform); background-color: var(--awb-bg-color);\">La transici\u00f3n del papel a la TI simplifica el flujo de informaci\u00f3n y alcanza inmediatamente el objetivo que se desea alcanzar. El uso de una plataforma inform\u00e1tica permite eliminar aquellas redundancias propias del modelo en papel, con un importante impacto en el ahorro, en t\u00e9rminos de tiempos, en beneficio del trabajo pedag\u00f3gico y relacional.<\/span><br><\/p>\n<p><!-- \/wp:paragraph --><\/p>\n<p><!-- wp:paragraph --><\/p>\n<p class=\"translation-block\">El software permite transformar una relaci\u00f3n en un modelo matem\u00e1tico, abriendo nuevos escenarios sobre la posible adquisici\u00f3n de informaci\u00f3n que antes era intangible. Estos datos abren inevitablemente nuevos espacios para la investigaci\u00f3n, para la definici\u00f3n de nuevos objetivos, para la posibilidad de tener un nuevo punto de observaci\u00f3n, una nueva perspectiva. La posibilidad de hacer del hu\u00e9sped un actor fundamental y principal en el proceso de mejora supone una optimizaci\u00f3n adicional en t\u00e9rminos de la calidad del servicio prestado.<\/p>\n<p><!-- \/wp:paragraph --><\/p>\n<p><!-- wp:paragraph --><\/p>\n<p><strong style=\"color: var(--awb-custom_color_1);\">PROCESOS FUNCIONALES:<\/strong><\/p>\n<p><!-- \/wp:paragraph --><\/p>\n<p><!-- wp:list --><\/p>\n<ul>\n<li style=\"list-style-type: none;\">\n<ul><!-- wp:list-item --><\/ul>\n<\/li>\n<\/ul>\n<ul>\n<li style=\"list-style-type: none;\">\n<ul>\n<li>Pesta\u00f1a de Recepci\u00f3n<\/li>\n<\/ul>\n<\/li>\n<\/ul>\n<p><!-- \/wp:list-item --><\/p>\n<p><!-- wp:list-item --><\/p>\n<ul>\n<li style=\"list-style-type: none;\">\n<ul>\n<li>Pesta\u00f1a de Evaluaci\u00f3n<\/li>\n<\/ul>\n<\/li>\n<\/ul>\n<p><!-- \/wp:list-item --><\/p>\n<p><!-- wp:list-item --><\/p>\n<ul>\n<li style=\"list-style-type: none;\">\n<ul>\n<li>Gesti\u00f3n de invitados y grupos<\/li>\n<\/ul>\n<\/li>\n<\/ul>\n<p><!-- \/wp:list-item --><\/p>\n<p><!-- wp:list-item --><\/p>\n<ul>\n<li style=\"list-style-type: none;\">\n<ul>\n<li>Diario<\/li>\n<\/ul>\n<\/li>\n<\/ul>\n<p><!-- \/wp:list-item --><\/p>\n<p><!-- wp:list-item --><\/p>\n<ul>\n<li style=\"list-style-type: none;\">\n<ul>\n<li>Observaciones<\/li>\n<\/ul>\n<\/li>\n<\/ul>\n<p><!-- \/wp:list-item --><\/p>\n<p><!-- wp:list-item --><\/p>\n<ul>\n<li style=\"list-style-type: none;\">\n<ul>\n<li>Pesta\u00f1as de Relaciones<\/li>\n<\/ul>\n<\/li>\n<\/ul>\n<p><!-- \/wp:list-item --><\/p>\n<p><!-- wp:list-item --><\/p>\n<ul>\n<li style=\"list-style-type: none;\">\n<ul>\n<li>Hojas de entrevistas escolares<\/li>\n<\/ul>\n<\/li>\n<\/ul>\n<p><!-- \/wp:list-item --><\/p>\n<p><!-- wp:list-item --><\/p>\n<ul>\n<li style=\"list-style-type: none;\">\n<ul>\n<li>PEI y Tarjetas de observaci\u00f3n<\/li>\n<\/ul>\n<\/li>\n<\/ul>\n<p><!-- \/wp:list-item --><\/p>\n<p><!-- wp:list-item --><\/p>\n<ul>\n<li style=\"list-style-type: none;\">\n<ul>\n<li>Report<\/li>\n<\/ul>\n<\/li>\n<\/ul>\n<p><!-- \/wp:list-item --><\/p>\n<p><!-- wp:list-item --><\/p>\n<ul>\n<li style=\"list-style-type: none;\">\n<ul>\n<li>Calendario de actividades<\/li>\n<\/ul>\n<\/li>\n<\/ul>\n<p><!-- \/wp:list-item --><\/p>\n<p><!-- wp:list-item --><\/p>\n<ul>\n<li style=\"list-style-type: none;\">\n<ul>\n<li>Gesti\u00f3n de comunicaciones y notificaciones del operador.<\/li>\n<\/ul>\n<\/li>\n<\/ul>\n<p><!-- \/wp:list-item --><\/p>\n<p><!-- wp:list-item --><\/p>\n<ul>\n<li style=\"list-style-type: none;\">\n<ul>\n<li>Repositorio de documentos<\/li>\n<\/ul>\n<\/li>\n<\/ul>\n<p><!-- \/wp:list-item --><\/p>\n<p><!-- \/wp:list --><\/p>\n<p><!-- wp:list --><\/p><\/p>\n<\/div><\/div><\/div><\/div><\/div><div class=\"fusion-fullwidth fullwidth-box fusion-builder-row-2 fusion-flex-container has-pattern-background has-mask-background nonhundred-percent-fullwidth non-hundred-percent-height-scrolling\" style=\"--link_hover_color: var(--awb-custom_color_1);--link_color: var(--awb-custom_color_1);--awb-border-radius-top-left:0px;--awb-border-radius-top-right:0px;--awb-border-radius-bottom-right:0px;--awb-border-radius-bottom-left:0px;--awb-padding-top:100px;--awb-padding-bottom:70px;--awb-margin-top:50px;--awb-margin-bottom:50px;--awb-background-color:#d2e0d7;\" ><div class=\"fusion-builder-row fusion-row fusion-flex-align-items-flex-start\" style=\"max-width:1224px;margin-left: calc(-2% \/ 2 );margin-right: calc(-2% \/ 2 );\"><div class=\"fusion-layout-column fusion_builder_column fusion-builder-column-1 fusion_builder_column_1_6 1_6 fusion-flex-column fusion-no-small-visibility\" style=\"--awb-bg-blend:overlay;--awb-bg-size:cover;--awb-width-large:16.666666666667%;--awb-margin-top-large:0px;--awb-spacing-right-large:5.88%;--awb-margin-bottom-large:0px;--awb-spacing-left-large:5.88%;--awb-width-medium:100%;--awb-spacing-right-medium:0.98%;--awb-spacing-left-medium:0.98%;--awb-width-small:100%;--awb-spacing-right-small:0.98%;--awb-spacing-left-small:0.98%;\"><div class=\"fusion-column-wrapper fusion-flex-justify-content-flex-start fusion-content-layout-column\"><\/div><\/div><div class=\"fusion-layout-column fusion_builder_column fusion-builder-column-2 fusion_builder_column_2_3 2_3 fusion-flex-column\" style=\"--awb-bg-blend:overlay;--awb-bg-size:cover;--awb-width-large:66.666666666667%;--awb-margin-top-large:0px;--awb-spacing-right-large:1.47%;--awb-margin-bottom-large:50px;--awb-spacing-left-large:1.47%;--awb-width-medium:100%;--awb-spacing-right-medium:0.98%;--awb-spacing-left-medium:0.98%;--awb-width-small:100%;--awb-spacing-right-small:0.98%;--awb-spacing-left-small:0.98%;\"><div class=\"fusion-column-wrapper fusion-flex-justify-content-flex-start fusion-content-layout-column\"><div class=\"fusion-title title fusion-title-1 fusion-title-center fusion-title-text fusion-title-size-two\"><div class=\"title-sep-container title-sep-container-left\"><div class=\"title-sep sep- sep-solid\" style=\"border-color:var(--awb-color3);\"><\/div><\/div><span class=\"awb-title-spacer\"><\/span><h2 class=\"title-heading-center fusion-responsive-typography-calculated\" style=\"margin:0;--fontSize:30;--minFontSize:30;line-height:1.0;\"><span style=\"color: #993300;\"><strong>NUESTRA EXPERIENCIA<\/strong><\/span><\/h2><span class=\"awb-title-spacer\"><\/span><div class=\"title-sep-container title-sep-container-right\"><div class=\"title-sep sep- sep-solid\" style=\"border-color:var(--awb-color3);\"><\/div><\/div><\/div><div style=\"text-align:center;\"><a class=\"fusion-button button-flat fusion-button-default-size button-custom fusion-button-default button-1 fusion-button-default-span fusion-button-default-type\" style=\"--button_accent_color:var(--awb-color1);--button_accent_hover_color:var(--awb-color1);--button_border_hover_color:var(--awb-color1);--button_gradient_top_color:var(--awb-custom_color_1);--button_gradient_bottom_color:var(--awb-custom_color_1);--button_gradient_top_color_hover:var(--awb-custom_color_1);--button_gradient_bottom_color_hover:var(--awb-custom_color_1);\" target=\"_self\" href=\"https:\/\/b-brave.it\/es\/expertise\/\"><span class=\"fusion-button-text\">LEER M\u00c0S<\/span><\/a><\/div><\/div><\/div><div class=\"fusion-layout-column fusion_builder_column fusion-builder-column-3 fusion_builder_column_1_6 1_6 fusion-flex-column fusion-no-small-visibility\" style=\"--awb-bg-blend:overlay;--awb-bg-size:cover;--awb-width-large:16.666666666667%;--awb-margin-top-large:0px;--awb-spacing-right-large:5.88%;--awb-margin-bottom-large:0px;--awb-spacing-left-large:5.88%;--awb-width-medium:100%;--awb-spacing-right-medium:0.98%;--awb-spacing-left-medium:0.98%;--awb-width-small:100%;--awb-spacing-right-small:0.98%;--awb-spacing-left-small:0.98%;\"><div class=\"fusion-column-wrapper fusion-flex-justify-content-flex-start fusion-content-layout-column\"><\/div><\/div><\/div><\/div>","protected":false},"excerpt":{"rendered":"","protected":false},"author":1,"featured_media":0,"parent":0,"menu_order":0,"comment_status":"closed","ping_status":"closed","template":"","meta":{"footnotes":""},"class_list":["post-2394","page","type-page","status-publish","hentry"],"yoast_head":"<!-- This site is optimized with the Yoast SEO plugin v23.8 - https:\/\/yoast.com\/wordpress\/plugins\/seo\/ -->\n<title>Health Care Folder - B-Brave<\/title>\n<meta name=\"robots\" content=\"index, follow, max-snippet:-1, max-image-preview:large, max-video-preview:-1\" \/>\n<link rel=\"canonical\" href=\"https:\/\/b-brave.it\/es\/health-care-folder\/\" \/>\n<meta property=\"og:locale\" content=\"es_ES\" \/>\n<meta property=\"og:type\" content=\"article\" \/>\n<meta property=\"og:title\" content=\"Health Care Folder - B-Brave\" \/>\n<meta property=\"og:url\" content=\"https:\/\/b-brave.it\/es\/health-care-folder\/\" \/>\n<meta property=\"og:site_name\" content=\"B-Brave\" \/>\n<meta property=\"article:publisher\" content=\"https:\/\/www.facebook.com\/bbravelecce\" \/>\n<meta property=\"article:modified_time\" content=\"2024-06-25T10:23:17+00:00\" \/>\n<meta property=\"og:image\" content=\"https:\/\/b-brave.it\/wp-content\/uploads\/2023\/04\/Health-Care-Folder.jpeg\" \/>\n<meta name=\"twitter:card\" content=\"summary_large_image\" \/>\n<meta name=\"twitter:label1\" content=\"Tiempo de lectura\" \/>\n\t<meta name=\"twitter:data1\" content=\"3 minutos\" \/>\n<script type=\"application\/ld+json\" class=\"yoast-schema-graph\">{\"@context\":\"https:\/\/schema.org\",\"@graph\":[{\"@type\":\"WebPage\",\"@id\":\"https:\/\/b-brave.it\/it\/health-care-folder\/\",\"url\":\"https:\/\/b-brave.it\/it\/health-care-folder\/\",\"name\":\"Health Care Folder - B-Brave\",\"isPartOf\":{\"@id\":\"https:\/\/b-brave.it\/#website\"},\"primaryImageOfPage\":{\"@id\":\"https:\/\/b-brave.it\/it\/health-care-folder\/#primaryimage\"},\"image\":{\"@id\":\"https:\/\/b-brave.it\/it\/health-care-folder\/#primaryimage\"},\"thumbnailUrl\":\"https:\/\/b-brave.it\/wp-content\/uploads\/2023\/04\/Health-Care-Folder.jpeg\",\"datePublished\":\"2023-04-04T16:10:26+00:00\",\"dateModified\":\"2024-06-25T10:23:17+00:00\",\"breadcrumb\":{\"@id\":\"https:\/\/b-brave.it\/it\/health-care-folder\/#breadcrumb\"},\"inLanguage\":\"es\",\"potentialAction\":[{\"@type\":\"ReadAction\",\"target\":[\"https:\/\/b-brave.it\/it\/health-care-folder\/\"]}]},{\"@type\":\"ImageObject\",\"inLanguage\":\"es\",\"@id\":\"https:\/\/b-brave.it\/it\/health-care-folder\/#primaryimage\",\"url\":\"https:\/\/b-brave.it\/wp-content\/uploads\/2023\/04\/Health-Care-Folder.jpeg\",\"contentUrl\":\"https:\/\/b-brave.it\/wp-content\/uploads\/2023\/04\/Health-Care-Folder.jpeg\"},{\"@type\":\"BreadcrumbList\",\"@id\":\"https:\/\/b-brave.it\/it\/health-care-folder\/#breadcrumb\",\"itemListElement\":[{\"@type\":\"ListItem\",\"position\":1,\"name\":\"Home\",\"item\":\"https:\/\/b-brave.it\/\"},{\"@type\":\"ListItem\",\"position\":2,\"name\":\"Health Care Folder\"}]},{\"@type\":\"WebSite\",\"@id\":\"https:\/\/b-brave.it\/#website\",\"url\":\"https:\/\/b-brave.it\/\",\"name\":\"B-Brave\",\"description\":\"Go the extra mile\",\"publisher\":{\"@id\":\"https:\/\/b-brave.it\/#organization\"},\"potentialAction\":[{\"@type\":\"SearchAction\",\"target\":{\"@type\":\"EntryPoint\",\"urlTemplate\":\"https:\/\/b-brave.it\/?s={search_term_string}\"},\"query-input\":{\"@type\":\"PropertyValueSpecification\",\"valueRequired\":true,\"valueName\":\"search_term_string\"}}],\"inLanguage\":\"es\"},{\"@type\":\"Organization\",\"@id\":\"https:\/\/b-brave.it\/#organization\",\"name\":\"B-Brave\",\"url\":\"https:\/\/b-brave.it\/\",\"logo\":{\"@type\":\"ImageObject\",\"inLanguage\":\"es\",\"@id\":\"https:\/\/b-brave.it\/#\/schema\/logo\/image\/\",\"url\":\"https:\/\/b-brave.it\/wp-content\/uploads\/2021\/09\/favicon.png\",\"contentUrl\":\"https:\/\/b-brave.it\/wp-content\/uploads\/2021\/09\/favicon.png\",\"width\":116,\"height\":116,\"caption\":\"B-Brave\"},\"image\":{\"@id\":\"https:\/\/b-brave.it\/#\/schema\/logo\/image\/\"},\"sameAs\":[\"https:\/\/www.facebook.com\/bbravelecce\",\"https:\/\/www.linkedin.com\/company\/b-brave-software\/\"]}]}<\/script>\n<!-- \/ Yoast SEO plugin. -->","yoast_head_json":{"title":"Health Care Folder - B-Brave","robots":{"index":"index","follow":"follow","max-snippet":"max-snippet:-1","max-image-preview":"max-image-preview:large","max-video-preview":"max-video-preview:-1"},"canonical":"https:\/\/b-brave.it\/es\/health-care-folder\/","og_locale":"es_ES","og_type":"article","og_title":"Health Care Folder - B-Brave","og_url":"https:\/\/b-brave.it\/es\/health-care-folder\/","og_site_name":"B-Brave","article_publisher":"https:\/\/www.facebook.com\/bbravelecce","article_modified_time":"2024-06-25T10:23:17+00:00","og_image":[{"url":"https:\/\/b-brave.it\/wp-content\/uploads\/2023\/04\/Health-Care-Folder.jpeg"}],"twitter_card":"summary_large_image","twitter_misc":{"Tiempo de lectura":"3 minutos"},"schema":{"@context":"https:\/\/schema.org","@graph":[{"@type":"WebPage","@id":"https:\/\/b-brave.it\/it\/health-care-folder\/","url":"https:\/\/b-brave.it\/it\/health-care-folder\/","name":"Health Care Folder - B-Brave","isPartOf":{"@id":"https:\/\/b-brave.it\/#website"},"primaryImageOfPage":{"@id":"https:\/\/b-brave.it\/it\/health-care-folder\/#primaryimage"},"image":{"@id":"https:\/\/b-brave.it\/it\/health-care-folder\/#primaryimage"},"thumbnailUrl":"https:\/\/b-brave.it\/wp-content\/uploads\/2023\/04\/Health-Care-Folder.jpeg","datePublished":"2023-04-04T16:10:26+00:00","dateModified":"2024-06-25T10:23:17+00:00","breadcrumb":{"@id":"https:\/\/b-brave.it\/it\/health-care-folder\/#breadcrumb"},"inLanguage":"es","potentialAction":[{"@type":"ReadAction","target":["https:\/\/b-brave.it\/it\/health-care-folder\/"]}]},{"@type":"ImageObject","inLanguage":"es","@id":"https:\/\/b-brave.it\/it\/health-care-folder\/#primaryimage","url":"https:\/\/b-brave.it\/wp-content\/uploads\/2023\/04\/Health-Care-Folder.jpeg","contentUrl":"https:\/\/b-brave.it\/wp-content\/uploads\/2023\/04\/Health-Care-Folder.jpeg"},{"@type":"BreadcrumbList","@id":"https:\/\/b-brave.it\/it\/health-care-folder\/#breadcrumb","itemListElement":[{"@type":"ListItem","position":1,"name":"Home","item":"https:\/\/b-brave.it\/"},{"@type":"ListItem","position":2,"name":"Health Care Folder"}]},{"@type":"WebSite","@id":"https:\/\/b-brave.it\/#website","url":"https:\/\/b-brave.it\/","name":"B-Brave","description":"Go the extra mile","publisher":{"@id":"https:\/\/b-brave.it\/#organization"},"potentialAction":[{"@type":"SearchAction","target":{"@type":"EntryPoint","urlTemplate":"https:\/\/b-brave.it\/?s={search_term_string}"},"query-input":{"@type":"PropertyValueSpecification","valueRequired":true,"valueName":"search_term_string"}}],"inLanguage":"es"},{"@type":"Organization","@id":"https:\/\/b-brave.it\/#organization","name":"B-Brave","url":"https:\/\/b-brave.it\/","logo":{"@type":"ImageObject","inLanguage":"es","@id":"https:\/\/b-brave.it\/#\/schema\/logo\/image\/","url":"https:\/\/b-brave.it\/wp-content\/uploads\/2021\/09\/favicon.png","contentUrl":"https:\/\/b-brave.it\/wp-content\/uploads\/2021\/09\/favicon.png","width":116,"height":116,"caption":"B-Brave"},"image":{"@id":"https:\/\/b-brave.it\/#\/schema\/logo\/image\/"},"sameAs":["https:\/\/www.facebook.com\/bbravelecce","https:\/\/www.linkedin.com\/company\/b-brave-software\/"]}]}},"_links":{"self":[{"href":"https:\/\/b-brave.it\/es\/wp-json\/wp\/v2\/pages\/2394"}],"collection":[{"href":"https:\/\/b-brave.it\/es\/wp-json\/wp\/v2\/pages"}],"about":[{"href":"https:\/\/b-brave.it\/es\/wp-json\/wp\/v2\/types\/page"}],"author":[{"embeddable":true,"href":"https:\/\/b-brave.it\/es\/wp-json\/wp\/v2\/users\/1"}],"replies":[{"embeddable":true,"href":"https:\/\/b-brave.it\/es\/wp-json\/wp\/v2\/comments?post=2394"}],"version-history":[{"count":6,"href":"https:\/\/b-brave.it\/es\/wp-json\/wp\/v2\/pages\/2394\/revisions"}],"predecessor-version":[{"id":2810,"href":"https:\/\/b-brave.it\/es\/wp-json\/wp\/v2\/pages\/2394\/revisions\/2810"}],"wp:attachment":[{"href":"https:\/\/b-brave.it\/es\/wp-json\/wp\/v2\/media?parent=2394"}],"curies":[{"name":"wp","href":"https:\/\/api.w.org\/{rel}","templated":true}]}}