{"id":2434,"date":"2023-04-11T12:22:52","date_gmt":"2023-04-11T10:22:52","guid":{"rendered":"https:\/\/b-brave.it\/?page_id=2434"},"modified":"2023-04-11T12:58:02","modified_gmt":"2023-04-11T10:58:02","slug":"data-analytics","status":"publish","type":"page","link":"https:\/\/b-brave.it\/es\/data-analytics\/","title":{"rendered":"An\u00e1lisis de Datos"},"content":{"rendered":"<p><div class=\"fusion-fullwidth fullwidth-box fusion-builder-row-1 fusion-flex-container nonhundred-percent-fullwidth non-hundred-percent-height-scrolling\" style=\"--awb-border-radius-top-left:0px;--awb-border-radius-top-right:0px;--awb-border-radius-bottom-right:0px;--awb-border-radius-bottom-left:0px;\" ><div class=\"fusion-builder-row fusion-row fusion-flex-align-items-flex-start\" style=\"max-width:1224px;margin-left: calc(-2% \/ 2 );margin-right: calc(-2% \/ 2 );\"><div class=\"fusion-layout-column fusion_builder_column fusion-builder-column-0 fusion_builder_column_1_1 1_1 fusion-flex-column\" style=\"--awb-bg-blend:overlay;--awb-bg-size:cover;--awb-width-large:100%;--awb-margin-top-large:0px;--awb-spacing-right-large:0.98%;--awb-margin-bottom-large:0px;--awb-spacing-left-large:0.98%;--awb-width-medium:100%;--awb-spacing-right-medium:0.98%;--awb-spacing-left-medium:0.98%;--awb-width-small:100%;--awb-spacing-right-small:0.98%;--awb-spacing-left-small:0.98%;\"><div class=\"fusion-column-wrapper fusion-flex-justify-content-flex-start fusion-content-layout-column\"><div class=\"fusion-text fusion-text-1\" style=\"--awb-font-size:20px;--awb-text-font-family:&quot;Archivo&quot;;--awb-text-font-style:normal;--awb-text-font-weight:400;\"><h3 id=\"tw-target-text\" class=\"wp-block-preformatted fusion-responsive-typography-calculated\" style=\"--fontsize: 42; line-height: 1.3;\" data-fontsize=\"42\" data-lineheight=\"54.6px\"><strong>An\u00e1lisis de Datos<\/strong><\/h3>\n<p><!-- \/wp:preformatted --><\/p>\n<p>&nbsp;<\/p>\n<p><!-- wp:image {\"align\":\"right\",\"id\":2390,\"sizeSlug\":\"full\",\"linkDestination\":\"none\"} --><\/p>\n<figure class=\"wp-block-image alignright size-full\"><img decoding=\"async\" class=\"lazyload alignnone wp-image-2435 size-medium\" src=\"https:\/\/b-brave.it\/wp-content\/uploads\/2023\/04\/Data-Analytics-vs-Data-Analysis-300x180.jpg\" data-orig-src=\"https:\/\/b-brave.it\/wp-content\/uploads\/2023\/04\/Data-Analytics-vs-Data-Analysis-300x180.jpg\" alt=\"\" width=\"300\" height=\"180\" srcset=\"data:image\/svg+xml,%3Csvg%20xmlns%3D%27http%3A%2F%2Fwww.w3.org%2F2000%2Fsvg%27%20width%3D%27300%27%20height%3D%27180%27%20viewBox%3D%270%200%20300%20180%27%3E%3Crect%20width%3D%27300%27%20height%3D%27180%27%20fill-opacity%3D%220%22%2F%3E%3C%2Fsvg%3E\" data-srcset=\"https:\/\/b-brave.it\/wp-content\/uploads\/2023\/04\/Data-Analytics-vs-Data-Analysis-200x120.jpg 200w, https:\/\/b-brave.it\/wp-content\/uploads\/2023\/04\/Data-Analytics-vs-Data-Analysis-300x180.jpg 300w, https:\/\/b-brave.it\/wp-content\/uploads\/2023\/04\/Data-Analytics-vs-Data-Analysis-400x240.jpg 400w, https:\/\/b-brave.it\/wp-content\/uploads\/2023\/04\/Data-Analytics-vs-Data-Analysis-600x359.jpg 600w, https:\/\/b-brave.it\/wp-content\/uploads\/2023\/04\/Data-Analytics-vs-Data-Analysis-768x460.jpg 768w, https:\/\/b-brave.it\/wp-content\/uploads\/2023\/04\/Data-Analytics-vs-Data-Analysis-800x479.jpg 800w, https:\/\/b-brave.it\/wp-content\/uploads\/2023\/04\/Data-Analytics-vs-Data-Analysis.jpg 992w\" data-sizes=\"auto\" data-orig-sizes=\"(max-width: 300px) 100vw, 300px\" \/><\/figure>\n<p><!-- \/wp:image --><\/p>\n<p>&nbsp;<\/p>\n<p><!-- wp:paragraph --><\/p>\n<p>Las empresas pueden aumentar la ventaja competitiva con el an\u00e1lisis de datos. La mejora de los ingresos puede hoy derivar gracias a las tecnolog\u00edas y al an\u00e1lisis de datos, ofreciendo valor a\u00f1adido al cliente m\u00e1s r\u00e1pidamente y reduciendo costes optimizando las actividades operativas.<\/p>\n<p><!-- \/wp:paragraph --><\/p>\n<p>&nbsp;<\/p>\n<p><!-- wp:paragraph --><\/p>\n<p><strong><span style=\"color: #993300;\">Qu\u00e9 es el an\u00e1lisis de datos?<\/span><\/strong> El an\u00e1lisis de datos es el proceso de obtener conocimientos a partir de datos que se extraen, transforman y centralizan para descubrir y analizar patrones, relaciones, tendencias, correlaciones y anomal\u00edas ocultos, o para validar una teor\u00eda o hip\u00f3tesis. Hoy en d\u00eda, los datos se pueden analizar para tomar decisiones en tiempo real y descubrir condiciones que no ser\u00edan evidentes utilizando procesos de gesti\u00f3n de datos obsoletos.<\/p>\n<p><!-- \/wp:paragraph --><\/p>\n<p>&nbsp;<\/p>\n<p><!-- wp:paragraph --><\/p>\n<p><strong><span style=\"color: #993300;\">Principales usos del an\u00e1lisis de datos:<\/span><\/strong> \u2013 aumentar la eficiencia de los procesos y costos \u2013 impulsar la estrategia y el cambio \u2013 monitorear y mejorar los resultados financieros El uso de soluciones tecnol\u00f3gicas para la gesti\u00f3n y el an\u00e1lisis de datos tiene un impacto significativo en los resultados. Los desarrollos considerados relevantes son:<\/p>\n<p>- computaci\u00f3n en cloud<br \/>\u2013 grandes datos<br \/>\u2013 inteligencia artificial\/aprendizaje autom\u00e1tico<\/p>\n<p><span style=\"color: #993300;\"><strong>La implementaci\u00f3n de los modelos de an\u00e1lisis de datos a aplicar.<\/strong><\/span> Las t\u00e9cnicas de an\u00e1lisis de datos implican una serie de procesos y actividades. En proyectos de valor agregado (avanzados), el trabajo de dise\u00f1o requerido se lleva a cabo en un proceso dividido en tres fases:<\/p>\n<p>\u2013 Planificaci\u00f3n o Plan de Datos<br \/>\u2013 Construcci\u00f3n del modelo de an\u00e1lisis o Model building<br \/>\u2013 Implementaci\u00f3n del modelo o Implementaci\u00f3n del modelo.<\/p>\n<p><!-- \/wp:paragraph --><\/p>\n<p>&nbsp;<\/p>\n<p><!-- wp:paragraph --><!-- \/wp:paragraph --><\/p>\n<p>&nbsp;<\/p>\n<p><!-- wp:paragraph --><\/p>\n<p><img decoding=\"async\" class=\"lazyload alignnone  wp-image-2442\" src=\"https:\/\/b-brave.it\/wp-content\/uploads\/2023\/04\/favpng_electronic-data-processing-data-analysis-big-data.png\" data-orig-src=\"https:\/\/b-brave.it\/wp-content\/uploads\/2023\/04\/favpng_electronic-data-processing-data-analysis-big-data.png\" alt=\"\" width=\"392\" height=\"311\" srcset=\"data:image\/svg+xml,%3Csvg%20xmlns%3D%27http%3A%2F%2Fwww.w3.org%2F2000%2Fsvg%27%20width%3D%27392%27%20height%3D%27311%27%20viewBox%3D%270%200%20392%20311%27%3E%3Crect%20width%3D%27392%27%20height%3D%27311%27%20fill-opacity%3D%220%22%2F%3E%3C%2Fsvg%3E\" data-srcset=\"https:\/\/b-brave.it\/wp-content\/uploads\/2023\/04\/favpng_electronic-data-processing-data-analysis-big-data-200x158.png 200w, https:\/\/b-brave.it\/wp-content\/uploads\/2023\/04\/favpng_electronic-data-processing-data-analysis-big-data-300x238.png 300w, https:\/\/b-brave.it\/wp-content\/uploads\/2023\/04\/favpng_electronic-data-processing-data-analysis-big-data-400x317.png 400w, https:\/\/b-brave.it\/wp-content\/uploads\/2023\/04\/favpng_electronic-data-processing-data-analysis-big-data-600x475.png 600w, https:\/\/b-brave.it\/wp-content\/uploads\/2023\/04\/favpng_electronic-data-processing-data-analysis-big-data.png 612w\" data-sizes=\"auto\" data-orig-sizes=\"(max-width: 392px) 100vw, 392px\" \/><\/p>\n<p><span style=\"color: #993300;\"><strong>lo que proponemos<\/strong><\/span><br \/>Implementaci\u00f3n de un sistema ETL con gesti\u00f3n de informes asociada sobre un sistema tipo CRM.<\/p>\n<p>Para este tipo de actividad ofrecemos:\u200b<\/p>\n<p class=\"translation-block\">\u2013 una aplicaci\u00f3n independiente para la extracci\u00f3n, lectura, procesamiento y an\u00e1lisis autom\u00e1tico de datos de diversas fuentes<br>\u2013 un mini-ocr para la lectura autom\u00e1tica de los valores \u00ec<br>\u2013 para la parte de gesti\u00f3n: creaci\u00f3n de archivos de informes aprovechando el potencial de los sistemas CRM (posibilidad de modificar datos, agregar, especificar usuarios, etc.)\u200b<br>\u2013 soluci\u00f3n en la nube, con almacenamiento de datos seguro y confiable<\/p>\n<\/div><\/div><\/div><\/div><\/div><div class=\"fusion-fullwidth fullwidth-box fusion-builder-row-2 fusion-flex-container has-pattern-background has-mask-background nonhundred-percent-fullwidth non-hundred-percent-height-scrolling\" style=\"--link_hover_color: var(--awb-custom_color_1);--link_color: var(--awb-custom_color_1);--awb-border-radius-top-left:0px;--awb-border-radius-top-right:0px;--awb-border-radius-bottom-right:0px;--awb-border-radius-bottom-left:0px;--awb-padding-top:100px;--awb-padding-bottom:70px;--awb-margin-top:50px;--awb-margin-bottom:50px;--awb-background-color:#d2e0d7;\" ><div class=\"fusion-builder-row fusion-row fusion-flex-align-items-flex-start\" style=\"max-width:1224px;margin-left: calc(-2% \/ 2 );margin-right: calc(-2% \/ 2 );\"><div class=\"fusion-layout-column fusion_builder_column fusion-builder-column-1 fusion_builder_column_1_6 1_6 fusion-flex-column fusion-no-small-visibility\" style=\"--awb-bg-blend:overlay;--awb-bg-size:cover;--awb-width-large:16.666666666667%;--awb-margin-top-large:0px;--awb-spacing-right-large:5.88%;--awb-margin-bottom-large:0px;--awb-spacing-left-large:5.88%;--awb-width-medium:100%;--awb-spacing-right-medium:0.98%;--awb-spacing-left-medium:0.98%;--awb-width-small:100%;--awb-spacing-right-small:0.98%;--awb-spacing-left-small:0.98%;\"><div class=\"fusion-column-wrapper fusion-flex-justify-content-flex-start fusion-content-layout-column\"><\/div><\/div><div class=\"fusion-layout-column fusion_builder_column fusion-builder-column-2 fusion_builder_column_2_3 2_3 fusion-flex-column\" style=\"--awb-bg-blend:overlay;--awb-bg-size:cover;--awb-width-large:66.666666666667%;--awb-margin-top-large:0px;--awb-spacing-right-large:1.47%;--awb-margin-bottom-large:50px;--awb-spacing-left-large:1.47%;--awb-width-medium:100%;--awb-spacing-right-medium:0.98%;--awb-spacing-left-medium:0.98%;--awb-width-small:100%;--awb-spacing-right-small:0.98%;--awb-spacing-left-small:0.98%;\"><div class=\"fusion-column-wrapper fusion-flex-justify-content-flex-start fusion-content-layout-column\"><div class=\"fusion-title title fusion-title-1 fusion-title-center fusion-title-text fusion-title-size-two\"><div class=\"title-sep-container title-sep-container-left\"><div class=\"title-sep sep- sep-solid\" style=\"border-color:var(--awb-color3);\"><\/div><\/div><span class=\"awb-title-spacer\"><\/span><h2 class=\"title-heading-center fusion-responsive-typography-calculated\" style=\"margin:0;--fontSize:30;--minFontSize:30;line-height:1.0;\"><span style=\"color: #993300;\"><strong>NUESTRA EXPERIENCIA<\/strong><\/span><\/h2><span class=\"awb-title-spacer\"><\/span><div class=\"title-sep-container title-sep-container-right\"><div class=\"title-sep sep- sep-solid\" style=\"border-color:var(--awb-color3);\"><\/div><\/div><\/div><div style=\"text-align:center;\"><a class=\"fusion-button button-flat fusion-button-default-size button-custom fusion-button-default button-1 fusion-button-default-span fusion-button-default-type\" style=\"--button_accent_color:var(--awb-color1);--button_accent_hover_color:var(--awb-color1);--button_border_hover_color:var(--awb-color1);--button_gradient_top_color:var(--awb-custom_color_1);--button_gradient_bottom_color:var(--awb-custom_color_1);--button_gradient_top_color_hover:var(--awb-custom_color_1);--button_gradient_bottom_color_hover:var(--awb-custom_color_1);\" target=\"_self\" href=\"https:\/\/b-brave.it\/es\/expertise\/\"><span class=\"fusion-button-text\">LEER M\u00c0S<\/span><\/a><\/div><\/div><\/div><div class=\"fusion-layout-column fusion_builder_column fusion-builder-column-3 fusion_builder_column_1_6 1_6 fusion-flex-column fusion-no-small-visibility\" style=\"--awb-bg-blend:overlay;--awb-bg-size:cover;--awb-width-large:16.666666666667%;--awb-margin-top-large:0px;--awb-spacing-right-large:5.88%;--awb-margin-bottom-large:0px;--awb-spacing-left-large:5.88%;--awb-width-medium:100%;--awb-spacing-right-medium:0.98%;--awb-spacing-left-medium:0.98%;--awb-width-small:100%;--awb-spacing-right-small:0.98%;--awb-spacing-left-small:0.98%;\"><div class=\"fusion-column-wrapper fusion-flex-justify-content-flex-start fusion-content-layout-column\"><\/div><\/div><\/div><\/div><\/p>","protected":false},"excerpt":{"rendered":"","protected":false},"author":1,"featured_media":0,"parent":0,"menu_order":0,"comment_status":"closed","ping_status":"closed","template":"","meta":{"footnotes":""},"class_list":["post-2434","page","type-page","status-publish","hentry"],"yoast_head":"<!-- This site is optimized with the Yoast SEO plugin v23.8 - https:\/\/yoast.com\/wordpress\/plugins\/seo\/ -->\n<title>Data Analytics - B-Brave<\/title>\n<meta name=\"robots\" content=\"index, follow, max-snippet:-1, max-image-preview:large, max-video-preview:-1\" \/>\n<link rel=\"canonical\" href=\"https:\/\/b-brave.it\/es\/data-analytics\/\" \/>\n<meta property=\"og:locale\" content=\"es_ES\" \/>\n<meta property=\"og:type\" content=\"article\" \/>\n<meta property=\"og:title\" content=\"Data Analytics - B-Brave\" \/>\n<meta property=\"og:url\" content=\"https:\/\/b-brave.it\/es\/data-analytics\/\" \/>\n<meta property=\"og:site_name\" content=\"B-Brave\" \/>\n<meta property=\"article:publisher\" content=\"https:\/\/www.facebook.com\/bbravelecce\" \/>\n<meta property=\"article:modified_time\" content=\"2023-04-11T10:58:02+00:00\" \/>\n<meta property=\"og:image\" content=\"https:\/\/b-brave.it\/wp-content\/uploads\/2023\/04\/Data-Analytics-vs-Data-Analysis-300x180.jpg\" \/>\n<meta name=\"twitter:card\" content=\"summary_large_image\" \/>\n<meta name=\"twitter:label1\" content=\"Tiempo de lectura\" \/>\n\t<meta name=\"twitter:data1\" content=\"4 minutos\" \/>\n<script type=\"application\/ld+json\" class=\"yoast-schema-graph\">{\"@context\":\"https:\/\/schema.org\",\"@graph\":[{\"@type\":\"WebPage\",\"@id\":\"https:\/\/b-brave.it\/data-analytics\/\",\"url\":\"https:\/\/b-brave.it\/data-analytics\/\",\"name\":\"Data Analytics - B-Brave\",\"isPartOf\":{\"@id\":\"https:\/\/b-brave.it\/#website\"},\"primaryImageOfPage\":{\"@id\":\"https:\/\/b-brave.it\/data-analytics\/#primaryimage\"},\"image\":{\"@id\":\"https:\/\/b-brave.it\/data-analytics\/#primaryimage\"},\"thumbnailUrl\":\"https:\/\/b-brave.it\/wp-content\/uploads\/2023\/04\/Data-Analytics-vs-Data-Analysis-300x180.jpg\",\"datePublished\":\"2023-04-11T10:22:52+00:00\",\"dateModified\":\"2023-04-11T10:58:02+00:00\",\"breadcrumb\":{\"@id\":\"https:\/\/b-brave.it\/data-analytics\/#breadcrumb\"},\"inLanguage\":\"es\",\"potentialAction\":[{\"@type\":\"ReadAction\",\"target\":[\"https:\/\/b-brave.it\/data-analytics\/\"]}]},{\"@type\":\"ImageObject\",\"inLanguage\":\"es\",\"@id\":\"https:\/\/b-brave.it\/data-analytics\/#primaryimage\",\"url\":\"https:\/\/b-brave.it\/wp-content\/uploads\/2023\/04\/Data-Analytics-vs-Data-Analysis-300x180.jpg\",\"contentUrl\":\"https:\/\/b-brave.it\/wp-content\/uploads\/2023\/04\/Data-Analytics-vs-Data-Analysis-300x180.jpg\"},{\"@type\":\"BreadcrumbList\",\"@id\":\"https:\/\/b-brave.it\/data-analytics\/#breadcrumb\",\"itemListElement\":[{\"@type\":\"ListItem\",\"position\":1,\"name\":\"Home\",\"item\":\"https:\/\/b-brave.it\/\"},{\"@type\":\"ListItem\",\"position\":2,\"name\":\"Data Analytics\"}]},{\"@type\":\"WebSite\",\"@id\":\"https:\/\/b-brave.it\/#website\",\"url\":\"https:\/\/b-brave.it\/\",\"name\":\"B-Brave\",\"description\":\"Go the extra mile\",\"publisher\":{\"@id\":\"https:\/\/b-brave.it\/#organization\"},\"potentialAction\":[{\"@type\":\"SearchAction\",\"target\":{\"@type\":\"EntryPoint\",\"urlTemplate\":\"https:\/\/b-brave.it\/?s={search_term_string}\"},\"query-input\":{\"@type\":\"PropertyValueSpecification\",\"valueRequired\":true,\"valueName\":\"search_term_string\"}}],\"inLanguage\":\"es\"},{\"@type\":\"Organization\",\"@id\":\"https:\/\/b-brave.it\/#organization\",\"name\":\"B-Brave\",\"url\":\"https:\/\/b-brave.it\/\",\"logo\":{\"@type\":\"ImageObject\",\"inLanguage\":\"es\",\"@id\":\"https:\/\/b-brave.it\/#\/schema\/logo\/image\/\",\"url\":\"https:\/\/b-brave.it\/wp-content\/uploads\/2021\/09\/favicon.png\",\"contentUrl\":\"https:\/\/b-brave.it\/wp-content\/uploads\/2021\/09\/favicon.png\",\"width\":116,\"height\":116,\"caption\":\"B-Brave\"},\"image\":{\"@id\":\"https:\/\/b-brave.it\/#\/schema\/logo\/image\/\"},\"sameAs\":[\"https:\/\/www.facebook.com\/bbravelecce\",\"https:\/\/www.linkedin.com\/company\/b-brave-software\/\"]}]}<\/script>\n<!-- \/ Yoast SEO plugin. -->","yoast_head_json":{"title":"Data Analytics - B-Brave","robots":{"index":"index","follow":"follow","max-snippet":"max-snippet:-1","max-image-preview":"max-image-preview:large","max-video-preview":"max-video-preview:-1"},"canonical":"https:\/\/b-brave.it\/es\/data-analytics\/","og_locale":"es_ES","og_type":"article","og_title":"Data Analytics - B-Brave","og_url":"https:\/\/b-brave.it\/es\/data-analytics\/","og_site_name":"B-Brave","article_publisher":"https:\/\/www.facebook.com\/bbravelecce","article_modified_time":"2023-04-11T10:58:02+00:00","og_image":[{"url":"https:\/\/b-brave.it\/wp-content\/uploads\/2023\/04\/Data-Analytics-vs-Data-Analysis-300x180.jpg"}],"twitter_card":"summary_large_image","twitter_misc":{"Tiempo de lectura":"4 minutos"},"schema":{"@context":"https:\/\/schema.org","@graph":[{"@type":"WebPage","@id":"https:\/\/b-brave.it\/data-analytics\/","url":"https:\/\/b-brave.it\/data-analytics\/","name":"Data Analytics - B-Brave","isPartOf":{"@id":"https:\/\/b-brave.it\/#website"},"primaryImageOfPage":{"@id":"https:\/\/b-brave.it\/data-analytics\/#primaryimage"},"image":{"@id":"https:\/\/b-brave.it\/data-analytics\/#primaryimage"},"thumbnailUrl":"https:\/\/b-brave.it\/wp-content\/uploads\/2023\/04\/Data-Analytics-vs-Data-Analysis-300x180.jpg","datePublished":"2023-04-11T10:22:52+00:00","dateModified":"2023-04-11T10:58:02+00:00","breadcrumb":{"@id":"https:\/\/b-brave.it\/data-analytics\/#breadcrumb"},"inLanguage":"es","potentialAction":[{"@type":"ReadAction","target":["https:\/\/b-brave.it\/data-analytics\/"]}]},{"@type":"ImageObject","inLanguage":"es","@id":"https:\/\/b-brave.it\/data-analytics\/#primaryimage","url":"https:\/\/b-brave.it\/wp-content\/uploads\/2023\/04\/Data-Analytics-vs-Data-Analysis-300x180.jpg","contentUrl":"https:\/\/b-brave.it\/wp-content\/uploads\/2023\/04\/Data-Analytics-vs-Data-Analysis-300x180.jpg"},{"@type":"BreadcrumbList","@id":"https:\/\/b-brave.it\/data-analytics\/#breadcrumb","itemListElement":[{"@type":"ListItem","position":1,"name":"Home","item":"https:\/\/b-brave.it\/"},{"@type":"ListItem","position":2,"name":"Data Analytics"}]},{"@type":"WebSite","@id":"https:\/\/b-brave.it\/#website","url":"https:\/\/b-brave.it\/","name":"B-Brave","description":"Go the extra mile","publisher":{"@id":"https:\/\/b-brave.it\/#organization"},"potentialAction":[{"@type":"SearchAction","target":{"@type":"EntryPoint","urlTemplate":"https:\/\/b-brave.it\/?s={search_term_string}"},"query-input":{"@type":"PropertyValueSpecification","valueRequired":true,"valueName":"search_term_string"}}],"inLanguage":"es"},{"@type":"Organization","@id":"https:\/\/b-brave.it\/#organization","name":"B-Brave","url":"https:\/\/b-brave.it\/","logo":{"@type":"ImageObject","inLanguage":"es","@id":"https:\/\/b-brave.it\/#\/schema\/logo\/image\/","url":"https:\/\/b-brave.it\/wp-content\/uploads\/2021\/09\/favicon.png","contentUrl":"https:\/\/b-brave.it\/wp-content\/uploads\/2021\/09\/favicon.png","width":116,"height":116,"caption":"B-Brave"},"image":{"@id":"https:\/\/b-brave.it\/#\/schema\/logo\/image\/"},"sameAs":["https:\/\/www.facebook.com\/bbravelecce","https:\/\/www.linkedin.com\/company\/b-brave-software\/"]}]}},"_links":{"self":[{"href":"https:\/\/b-brave.it\/es\/wp-json\/wp\/v2\/pages\/2434"}],"collection":[{"href":"https:\/\/b-brave.it\/es\/wp-json\/wp\/v2\/pages"}],"about":[{"href":"https:\/\/b-brave.it\/es\/wp-json\/wp\/v2\/types\/page"}],"author":[{"embeddable":true,"href":"https:\/\/b-brave.it\/es\/wp-json\/wp\/v2\/users\/1"}],"replies":[{"embeddable":true,"href":"https:\/\/b-brave.it\/es\/wp-json\/wp\/v2\/comments?post=2434"}],"version-history":[{"count":8,"href":"https:\/\/b-brave.it\/es\/wp-json\/wp\/v2\/pages\/2434\/revisions"}],"predecessor-version":[{"id":2450,"href":"https:\/\/b-brave.it\/es\/wp-json\/wp\/v2\/pages\/2434\/revisions\/2450"}],"wp:attachment":[{"href":"https:\/\/b-brave.it\/es\/wp-json\/wp\/v2\/media?parent=2434"}],"curies":[{"name":"wp","href":"https:\/\/api.w.org\/{rel}","templated":true}]}}