{"id":2669,"date":"2023-04-21T12:47:10","date_gmt":"2023-04-21T10:47:10","guid":{"rendered":"https:\/\/b-brave.it\/?page_id=2669"},"modified":"2023-04-21T12:53:30","modified_gmt":"2023-04-21T10:53:30","slug":"iot","status":"publish","type":"page","link":"https:\/\/b-brave.it\/es\/iot\/","title":{"rendered":"IoT"},"content":{"rendered":"<p><div class=\"fusion-fullwidth fullwidth-box fusion-builder-row-1 fusion-flex-container nonhundred-percent-fullwidth non-hundred-percent-height-scrolling\" style=\"--awb-border-radius-top-left:0px;--awb-border-radius-top-right:0px;--awb-border-radius-bottom-right:0px;--awb-border-radius-bottom-left:0px;\" ><div class=\"fusion-builder-row fusion-row fusion-flex-align-items-flex-start\" style=\"max-width:1224px;margin-left: calc(-2% \/ 2 );margin-right: calc(-2% \/ 2 );\"><div class=\"fusion-layout-column fusion_builder_column fusion-builder-column-0 fusion_builder_column_1_1 1_1 fusion-flex-column\" style=\"--awb-bg-blend:overlay;--awb-bg-size:cover;--awb-width-large:100%;--awb-margin-top-large:0px;--awb-spacing-right-large:0.98%;--awb-margin-bottom-large:0px;--awb-spacing-left-large:0.98%;--awb-width-medium:100%;--awb-spacing-right-medium:0.98%;--awb-spacing-left-medium:0.98%;--awb-width-small:100%;--awb-spacing-right-small:0.98%;--awb-spacing-left-small:0.98%;\"><div class=\"fusion-column-wrapper fusion-flex-justify-content-flex-start fusion-content-layout-column\"><div class=\"fusion-text fusion-text-1\" style=\"--awb-font-size:20px;--awb-text-font-family:&quot;Archivo&quot;;--awb-text-font-style:normal;--awb-text-font-weight:400;\"><h3 class=\"wp-block-preformatted fusion-responsive-typography-calculated\" style=\"--fontsize: 42; line-height: 1.3;\" data-fontsize=\"42\" data-lineheight=\"54.6px\"><strong>IoT <\/strong><span class=\"Y2IQFc\" lang=\"en\">(Internet de las Cosas). Poniendo inteligencia en las cosas!<\/span><\/h3>\n<p><!-- \/wp:preformatted --><\/p>\n<p>&nbsp;<\/p>\n<p><!-- wp:image {\"align\":\"right\",\"id\":2390,\"sizeSlug\":\"full\",\"linkDestination\":\"none\"} --><\/p>\n<figure class=\"wp-block-image alignright size-full\"><img decoding=\"async\" class=\"lazyload alignnone wp-image-2672 size-full\" src=\"https:\/\/b-brave.it\/wp-content\/uploads\/2023\/04\/IoT.webp\" data-orig-src=\"https:\/\/b-brave.it\/wp-content\/uploads\/2023\/04\/IoT.webp\" alt=\"\" width=\"600\" height=\"400\" srcset=\"data:image\/svg+xml,%3Csvg%20xmlns%3D%27http%3A%2F%2Fwww.w3.org%2F2000%2Fsvg%27%20width%3D%27600%27%20height%3D%27400%27%20viewBox%3D%270%200%20600%20400%27%3E%3Crect%20width%3D%27600%27%20height%3D%27400%27%20fill-opacity%3D%220%22%2F%3E%3C%2Fsvg%3E\" data-srcset=\"https:\/\/b-brave.it\/wp-content\/uploads\/2023\/04\/IoT-18x12.webp 18w, https:\/\/b-brave.it\/wp-content\/uploads\/2023\/04\/IoT-200x133.webp 200w, https:\/\/b-brave.it\/wp-content\/uploads\/2023\/04\/IoT-300x200.webp 300w, https:\/\/b-brave.it\/wp-content\/uploads\/2023\/04\/IoT-400x267.webp 400w, https:\/\/b-brave.it\/wp-content\/uploads\/2023\/04\/IoT.webp 600w\" data-sizes=\"auto\" data-orig-sizes=\"(max-width: 600px) 100vw, 600px\" \/><\/figure>\n<p><!-- \/wp:image --><\/p>\n<p>&nbsp;<\/p>\n<p><!-- wp:paragraph --><\/p>\n<p class=\"translation-block\">En diversos contextos productivos, y m\u00e1s all\u00e1, hoy existen objetos que pueden comunicarse entre s\u00ed, generando informaci\u00f3n \u00fatil.<br>Existen, por ejemplo, edificios inteligentes (Smart Building), monitoreo industrial y rob\u00f3tica colaborativa; el coche aut\u00f3nomo en la industria del autom\u00f3vil; dom\u00f3tica y Smart Home, Smart Health en el sector sanitario; la Smart City y la Smart Mobility para la ciudad m\u00e1s sostenible del futuro.<\/p>\n<p><!-- \/wp:paragraph --><\/p>\n<p>&nbsp;<\/p>\n<p><!-- wp:paragraph --><\/p>\n<p class=\"translation-block\"><strong><span style=\"color: #993300\">Qu\u00e9 es IoT?<\/span><\/strong>Es la extensi\u00f3n de la conexi\u00f3n a Internet a los m\u00e1s variados tipos de objetos. Los datos recopilados gracias a sensores especiales se pueden intercambiar y comunicar a trav\u00e9s de Internet y los objetos se pueden controlar y gestionar de forma remota. Es un camino de desarrollo tecnol\u00f3gico a partir del cual, a trav\u00e9s de Internet, potencialmente cada objeto de la experiencia cotidiana adquiere su propia identidad en el mundo digital.<\/p>\n<p><!-- \/wp:paragraph --><\/p>\n<p>&nbsp;<\/p>\n<p><!-- wp:paragraph --><\/p>\n<p class=\"translation-block\"><strong><span style=\"color: #993300\">Principales usos de IoT:<\/span><\/strong>Las principales \u00e1reas de aplicaci\u00f3n del Internet de las Cosas est\u00e1n representadas por aquellos contextos en los que hay \u201ccosas\u201d que pueden \u201chablar\u201d y generar nueva informaci\u00f3n como por ejemplo:<br>\u2013 Hogar, hogar inteligente, dom\u00f3tica<br> \u2013 Edificios inteligentes, edificios inteligentes, automatizaci\u00f3n de edificios<br>\u2013 Monitoreo industrial, rob\u00f3tica, rob\u00f3tica colaborativa<br>\u2013 Industria automotriz, automoci\u00f3n, veh\u00edculos aut\u00f3nomos<br>\u2013 Salud inteligente, atenci\u00f3n m\u00e9dica, mundo biom\u00e9dico<br>\u2013 Ciudad inteligente, Movilidad inteligente<br>\u2013 Agroalimentaci\u00f3n inteligente, agricultura de precisi\u00f3n, sensores de campo<\/p>\n<p><!-- \/wp:paragraph --><\/p>\n<p>&nbsp;<\/p>\n<p><!-- wp:paragraph --><!-- \/wp:paragraph --><\/p>\n<p>&nbsp;<\/p>\n<p><!-- wp:paragraph --><\/p>\n<p class=\"translation-block\"><span style=\"color: #993300\"><strong>lo que proponemos<\/strong><\/span><br>B-IoT, una plataforma para integrar informaci\u00f3n, procesos, personas y aplicaciones.<\/p>\n<p>With B-IoT you manage and control devices and machinery in self-service mode.<br \/>The metering and monitoring modules, and the enabling of IoT sensors, it is possible to receive all the measurements in a single dashboard, set alarm thresholds and receive accident signals, analyze data, measure performance.<\/p>\n<p>La confiabilidad del activo de producci\u00f3n se puede lograr mediante:<\/p>\n<ul>\n<li>Monitoreo de recursos<\/li>\n<li>Medici\u00f3n del desempe\u00f1o<\/li>\n<li>An\u00e1lisis de los datos obtenidos.<\/li>\n<li>Intercambio de informaci\u00f3n con los operadores.<\/li>\n<\/ul>\n<\/div><\/div><\/div><\/div><\/div><div class=\"fusion-fullwidth fullwidth-box fusion-builder-row-2 fusion-flex-container has-pattern-background has-mask-background nonhundred-percent-fullwidth non-hundred-percent-height-scrolling\" style=\"--link_hover_color: var(--awb-custom_color_1);--link_color: var(--awb-custom_color_1);--awb-border-radius-top-left:0px;--awb-border-radius-top-right:0px;--awb-border-radius-bottom-right:0px;--awb-border-radius-bottom-left:0px;--awb-padding-top:100px;--awb-padding-bottom:70px;--awb-margin-top:50px;--awb-margin-bottom:50px;--awb-background-color:#d2e0d7;\" ><div class=\"fusion-builder-row fusion-row fusion-flex-align-items-flex-start\" style=\"max-width:1224px;margin-left: calc(-2% \/ 2 );margin-right: calc(-2% \/ 2 );\"><div class=\"fusion-layout-column fusion_builder_column fusion-builder-column-1 fusion_builder_column_1_6 1_6 fusion-flex-column fusion-no-small-visibility\" style=\"--awb-bg-blend:overlay;--awb-bg-size:cover;--awb-width-large:16.666666666667%;--awb-margin-top-large:0px;--awb-spacing-right-large:5.88%;--awb-margin-bottom-large:0px;--awb-spacing-left-large:5.88%;--awb-width-medium:100%;--awb-spacing-right-medium:0.98%;--awb-spacing-left-medium:0.98%;--awb-width-small:100%;--awb-spacing-right-small:0.98%;--awb-spacing-left-small:0.98%;\"><div class=\"fusion-column-wrapper fusion-flex-justify-content-flex-start fusion-content-layout-column\"><\/div><\/div><div class=\"fusion-layout-column fusion_builder_column fusion-builder-column-2 fusion_builder_column_2_3 2_3 fusion-flex-column\" style=\"--awb-bg-blend:overlay;--awb-bg-size:cover;--awb-width-large:66.666666666667%;--awb-margin-top-large:0px;--awb-spacing-right-large:1.47%;--awb-margin-bottom-large:50px;--awb-spacing-left-large:1.47%;--awb-width-medium:100%;--awb-spacing-right-medium:0.98%;--awb-spacing-left-medium:0.98%;--awb-width-small:100%;--awb-spacing-right-small:0.98%;--awb-spacing-left-small:0.98%;\"><div class=\"fusion-column-wrapper fusion-flex-justify-content-flex-start fusion-content-layout-column\"><div class=\"fusion-title title fusion-title-1 fusion-title-center fusion-title-text fusion-title-size-two\"><div class=\"title-sep-container title-sep-container-left\"><div class=\"title-sep sep- sep-solid\" style=\"border-color:var(--awb-color3);\"><\/div><\/div><span class=\"awb-title-spacer\"><\/span><h2 class=\"title-heading-center fusion-responsive-typography-calculated\" style=\"margin:0;--fontSize:30;--minFontSize:30;line-height:1.0;\"><span style=\"color: #993300;\"><strong>NUESTRA EXPERIENCIA<\/strong><\/span><\/h2><span class=\"awb-title-spacer\"><\/span><div class=\"title-sep-container title-sep-container-right\"><div class=\"title-sep sep- sep-solid\" style=\"border-color:var(--awb-color3);\"><\/div><\/div><\/div><div style=\"text-align:center;\"><a class=\"fusion-button button-flat fusion-button-default-size button-custom fusion-button-default button-1 fusion-button-default-span fusion-button-default-type\" style=\"--button_accent_color:var(--awb-color1);--button_accent_hover_color:var(--awb-color1);--button_border_hover_color:var(--awb-color1);--button_gradient_top_color:var(--awb-custom_color_1);--button_gradient_bottom_color:var(--awb-custom_color_1);--button_gradient_top_color_hover:var(--awb-custom_color_1);--button_gradient_bottom_color_hover:var(--awb-custom_color_1);\" target=\"_self\" href=\"https:\/\/b-brave.it\/es\/expertise\/\"><span class=\"fusion-button-text\">LEER M\u00c0S<\/span><\/a><\/div><\/div><\/div><div class=\"fusion-layout-column fusion_builder_column fusion-builder-column-3 fusion_builder_column_1_6 1_6 fusion-flex-column fusion-no-small-visibility\" style=\"--awb-bg-blend:overlay;--awb-bg-size:cover;--awb-width-large:16.666666666667%;--awb-margin-top-large:0px;--awb-spacing-right-large:5.88%;--awb-margin-bottom-large:0px;--awb-spacing-left-large:5.88%;--awb-width-medium:100%;--awb-spacing-right-medium:0.98%;--awb-spacing-left-medium:0.98%;--awb-width-small:100%;--awb-spacing-right-small:0.98%;--awb-spacing-left-small:0.98%;\"><div class=\"fusion-column-wrapper fusion-flex-justify-content-flex-start fusion-content-layout-column\"><\/div><\/div><\/div><\/div><\/p>","protected":false},"excerpt":{"rendered":"","protected":false},"author":1,"featured_media":0,"parent":0,"menu_order":0,"comment_status":"closed","ping_status":"closed","template":"","meta":{"footnotes":""},"class_list":["post-2669","page","type-page","status-publish","hentry"],"yoast_head":"<!-- This site is optimized with the Yoast SEO plugin v23.8 - https:\/\/yoast.com\/wordpress\/plugins\/seo\/ -->\n<title>IoT - B-Brave<\/title>\n<meta name=\"robots\" content=\"index, follow, max-snippet:-1, max-image-preview:large, max-video-preview:-1\" \/>\n<link rel=\"canonical\" href=\"https:\/\/b-brave.it\/es\/iot\/\" \/>\n<meta property=\"og:locale\" content=\"es_ES\" \/>\n<meta property=\"og:type\" content=\"article\" \/>\n<meta property=\"og:title\" content=\"IoT - B-Brave\" \/>\n<meta property=\"og:url\" content=\"https:\/\/b-brave.it\/es\/iot\/\" \/>\n<meta property=\"og:site_name\" content=\"B-Brave\" \/>\n<meta property=\"article:publisher\" content=\"https:\/\/www.facebook.com\/bbravelecce\" \/>\n<meta property=\"article:modified_time\" content=\"2023-04-21T10:53:30+00:00\" \/>\n<meta property=\"og:image\" content=\"https:\/\/b-brave.it\/wp-content\/uploads\/2023\/04\/IoT.webp\" \/>\n<meta name=\"twitter:card\" content=\"summary_large_image\" \/>\n<meta name=\"twitter:label1\" content=\"Tiempo de lectura\" \/>\n\t<meta name=\"twitter:data1\" content=\"4 minutos\" \/>\n<script type=\"application\/ld+json\" class=\"yoast-schema-graph\">{\"@context\":\"https:\/\/schema.org\",\"@graph\":[{\"@type\":\"WebPage\",\"@id\":\"https:\/\/b-brave.it\/iot\/\",\"url\":\"https:\/\/b-brave.it\/iot\/\",\"name\":\"IoT - B-Brave\",\"isPartOf\":{\"@id\":\"https:\/\/b-brave.it\/#website\"},\"primaryImageOfPage\":{\"@id\":\"https:\/\/b-brave.it\/iot\/#primaryimage\"},\"image\":{\"@id\":\"https:\/\/b-brave.it\/iot\/#primaryimage\"},\"thumbnailUrl\":\"https:\/\/b-brave.it\/wp-content\/uploads\/2023\/04\/IoT.webp\",\"datePublished\":\"2023-04-21T10:47:10+00:00\",\"dateModified\":\"2023-04-21T10:53:30+00:00\",\"breadcrumb\":{\"@id\":\"https:\/\/b-brave.it\/iot\/#breadcrumb\"},\"inLanguage\":\"es\",\"potentialAction\":[{\"@type\":\"ReadAction\",\"target\":[\"https:\/\/b-brave.it\/iot\/\"]}]},{\"@type\":\"ImageObject\",\"inLanguage\":\"es\",\"@id\":\"https:\/\/b-brave.it\/iot\/#primaryimage\",\"url\":\"https:\/\/b-brave.it\/wp-content\/uploads\/2023\/04\/IoT.webp\",\"contentUrl\":\"https:\/\/b-brave.it\/wp-content\/uploads\/2023\/04\/IoT.webp\"},{\"@type\":\"BreadcrumbList\",\"@id\":\"https:\/\/b-brave.it\/iot\/#breadcrumb\",\"itemListElement\":[{\"@type\":\"ListItem\",\"position\":1,\"name\":\"Home\",\"item\":\"https:\/\/b-brave.it\/\"},{\"@type\":\"ListItem\",\"position\":2,\"name\":\"IoT\"}]},{\"@type\":\"WebSite\",\"@id\":\"https:\/\/b-brave.it\/#website\",\"url\":\"https:\/\/b-brave.it\/\",\"name\":\"B-Brave\",\"description\":\"Go the extra mile\",\"publisher\":{\"@id\":\"https:\/\/b-brave.it\/#organization\"},\"potentialAction\":[{\"@type\":\"SearchAction\",\"target\":{\"@type\":\"EntryPoint\",\"urlTemplate\":\"https:\/\/b-brave.it\/?s={search_term_string}\"},\"query-input\":{\"@type\":\"PropertyValueSpecification\",\"valueRequired\":true,\"valueName\":\"search_term_string\"}}],\"inLanguage\":\"es\"},{\"@type\":\"Organization\",\"@id\":\"https:\/\/b-brave.it\/#organization\",\"name\":\"B-Brave\",\"url\":\"https:\/\/b-brave.it\/\",\"logo\":{\"@type\":\"ImageObject\",\"inLanguage\":\"es\",\"@id\":\"https:\/\/b-brave.it\/#\/schema\/logo\/image\/\",\"url\":\"https:\/\/b-brave.it\/wp-content\/uploads\/2021\/09\/favicon.png\",\"contentUrl\":\"https:\/\/b-brave.it\/wp-content\/uploads\/2021\/09\/favicon.png\",\"width\":116,\"height\":116,\"caption\":\"B-Brave\"},\"image\":{\"@id\":\"https:\/\/b-brave.it\/#\/schema\/logo\/image\/\"},\"sameAs\":[\"https:\/\/www.facebook.com\/bbravelecce\",\"https:\/\/www.linkedin.com\/company\/b-brave-software\/\"]}]}<\/script>\n<!-- \/ Yoast SEO plugin. -->","yoast_head_json":{"title":"IoT - B-Brave","robots":{"index":"index","follow":"follow","max-snippet":"max-snippet:-1","max-image-preview":"max-image-preview:large","max-video-preview":"max-video-preview:-1"},"canonical":"https:\/\/b-brave.it\/es\/iot\/","og_locale":"es_ES","og_type":"article","og_title":"IoT - B-Brave","og_url":"https:\/\/b-brave.it\/es\/iot\/","og_site_name":"B-Brave","article_publisher":"https:\/\/www.facebook.com\/bbravelecce","article_modified_time":"2023-04-21T10:53:30+00:00","og_image":[{"url":"https:\/\/b-brave.it\/wp-content\/uploads\/2023\/04\/IoT.webp"}],"twitter_card":"summary_large_image","twitter_misc":{"Tiempo de lectura":"4 minutos"},"schema":{"@context":"https:\/\/schema.org","@graph":[{"@type":"WebPage","@id":"https:\/\/b-brave.it\/iot\/","url":"https:\/\/b-brave.it\/iot\/","name":"IoT - B-Brave","isPartOf":{"@id":"https:\/\/b-brave.it\/#website"},"primaryImageOfPage":{"@id":"https:\/\/b-brave.it\/iot\/#primaryimage"},"image":{"@id":"https:\/\/b-brave.it\/iot\/#primaryimage"},"thumbnailUrl":"https:\/\/b-brave.it\/wp-content\/uploads\/2023\/04\/IoT.webp","datePublished":"2023-04-21T10:47:10+00:00","dateModified":"2023-04-21T10:53:30+00:00","breadcrumb":{"@id":"https:\/\/b-brave.it\/iot\/#breadcrumb"},"inLanguage":"es","potentialAction":[{"@type":"ReadAction","target":["https:\/\/b-brave.it\/iot\/"]}]},{"@type":"ImageObject","inLanguage":"es","@id":"https:\/\/b-brave.it\/iot\/#primaryimage","url":"https:\/\/b-brave.it\/wp-content\/uploads\/2023\/04\/IoT.webp","contentUrl":"https:\/\/b-brave.it\/wp-content\/uploads\/2023\/04\/IoT.webp"},{"@type":"BreadcrumbList","@id":"https:\/\/b-brave.it\/iot\/#breadcrumb","itemListElement":[{"@type":"ListItem","position":1,"name":"Home","item":"https:\/\/b-brave.it\/"},{"@type":"ListItem","position":2,"name":"IoT"}]},{"@type":"WebSite","@id":"https:\/\/b-brave.it\/#website","url":"https:\/\/b-brave.it\/","name":"B-Brave","description":"Go the extra mile","publisher":{"@id":"https:\/\/b-brave.it\/#organization"},"potentialAction":[{"@type":"SearchAction","target":{"@type":"EntryPoint","urlTemplate":"https:\/\/b-brave.it\/?s={search_term_string}"},"query-input":{"@type":"PropertyValueSpecification","valueRequired":true,"valueName":"search_term_string"}}],"inLanguage":"es"},{"@type":"Organization","@id":"https:\/\/b-brave.it\/#organization","name":"B-Brave","url":"https:\/\/b-brave.it\/","logo":{"@type":"ImageObject","inLanguage":"es","@id":"https:\/\/b-brave.it\/#\/schema\/logo\/image\/","url":"https:\/\/b-brave.it\/wp-content\/uploads\/2021\/09\/favicon.png","contentUrl":"https:\/\/b-brave.it\/wp-content\/uploads\/2021\/09\/favicon.png","width":116,"height":116,"caption":"B-Brave"},"image":{"@id":"https:\/\/b-brave.it\/#\/schema\/logo\/image\/"},"sameAs":["https:\/\/www.facebook.com\/bbravelecce","https:\/\/www.linkedin.com\/company\/b-brave-software\/"]}]}},"_links":{"self":[{"href":"https:\/\/b-brave.it\/es\/wp-json\/wp\/v2\/pages\/2669"}],"collection":[{"href":"https:\/\/b-brave.it\/es\/wp-json\/wp\/v2\/pages"}],"about":[{"href":"https:\/\/b-brave.it\/es\/wp-json\/wp\/v2\/types\/page"}],"author":[{"embeddable":true,"href":"https:\/\/b-brave.it\/es\/wp-json\/wp\/v2\/users\/1"}],"replies":[{"embeddable":true,"href":"https:\/\/b-brave.it\/es\/wp-json\/wp\/v2\/comments?post=2669"}],"version-history":[{"count":3,"href":"https:\/\/b-brave.it\/es\/wp-json\/wp\/v2\/pages\/2669\/revisions"}],"predecessor-version":[{"id":2676,"href":"https:\/\/b-brave.it\/es\/wp-json\/wp\/v2\/pages\/2669\/revisions\/2676"}],"wp:attachment":[{"href":"https:\/\/b-brave.it\/es\/wp-json\/wp\/v2\/media?parent=2669"}],"curies":[{"name":"wp","href":"https:\/\/api.w.org\/{rel}","templated":true}]}}