{"id":2678,"date":"2023-04-21T16:11:50","date_gmt":"2023-04-21T14:11:50","guid":{"rendered":"https:\/\/b-brave.it\/?page_id=2678"},"modified":"2023-05-09T16:13:07","modified_gmt":"2023-05-09T14:13:07","slug":"crm","status":"publish","type":"page","link":"https:\/\/b-brave.it\/es\/crm\/","title":{"rendered":"CRM"},"content":{"rendered":"<p><div class=\"fusion-fullwidth fullwidth-box fusion-builder-row-1 fusion-flex-container nonhundred-percent-fullwidth non-hundred-percent-height-scrolling\" style=\"--awb-border-radius-top-left:0px;--awb-border-radius-top-right:0px;--awb-border-radius-bottom-right:0px;--awb-border-radius-bottom-left:0px;\" ><div class=\"fusion-builder-row fusion-row fusion-flex-align-items-flex-start\" style=\"max-width:1224px;margin-left: calc(-2% \/ 2 );margin-right: calc(-2% \/ 2 );\"><div class=\"fusion-layout-column fusion_builder_column fusion-builder-column-0 fusion_builder_column_1_1 1_1 fusion-flex-column\" style=\"--awb-bg-blend:overlay;--awb-bg-size:cover;--awb-width-large:100%;--awb-margin-top-large:0px;--awb-spacing-right-large:0.98%;--awb-margin-bottom-large:0px;--awb-spacing-left-large:0.98%;--awb-width-medium:100%;--awb-spacing-right-medium:0.98%;--awb-spacing-left-medium:0.98%;--awb-width-small:100%;--awb-spacing-right-small:0.98%;--awb-spacing-left-small:0.98%;\"><div class=\"fusion-column-wrapper fusion-flex-justify-content-flex-start fusion-content-layout-column\"><div class=\"fusion-text fusion-text-1\" style=\"--awb-font-size:20px;--awb-text-font-family:&quot;Archivo&quot;;--awb-text-font-style:normal;--awb-text-font-weight:400;\"><h3 class=\"wp-block-preformatted fusion-responsive-typography-calculated\" style=\"--fontsize: 42; line-height: 1.3;\" data-fontsize=\"42\" data-lineheight=\"54.6px\">CRM El coraz\u00f3n de tu empresa<\/h3>\n<p><!-- \/wp:post-content --><\/p>\n<figure class=\"wp-block-image alignright size-full\"><img decoding=\"async\" class=\"lazyload wp-image-2687\" src=\"https:\/\/b-brave.it\/wp-content\/uploads\/2023\/05\/CRM-300x256.jpg\" data-orig-src=\"https:\/\/b-brave.it\/wp-content\/uploads\/2023\/05\/CRM-300x256.jpg\" alt=\"CRM\" width=\"500\" height=\"427\" srcset=\"data:image\/svg+xml,%3Csvg%20xmlns%3D%27http%3A%2F%2Fwww.w3.org%2F2000%2Fsvg%27%20width%3D%27500%27%20height%3D%27427%27%20viewBox%3D%270%200%20500%20427%27%3E%3Crect%20width%3D%27500%27%20height%3D%27427%27%20fill-opacity%3D%220%22%2F%3E%3C%2Fsvg%3E\" data-srcset=\"https:\/\/b-brave.it\/wp-content\/uploads\/2023\/05\/CRM-14x12.jpg 14w, https:\/\/b-brave.it\/wp-content\/uploads\/2023\/05\/CRM-200x171.jpg 200w, https:\/\/b-brave.it\/wp-content\/uploads\/2023\/05\/CRM-300x256.jpg 300w, https:\/\/b-brave.it\/wp-content\/uploads\/2023\/05\/CRM-400x342.jpg 400w, https:\/\/b-brave.it\/wp-content\/uploads\/2023\/05\/CRM-600x512.jpg 600w, https:\/\/b-brave.it\/wp-content\/uploads\/2023\/05\/CRM-768x656.jpg 768w, https:\/\/b-brave.it\/wp-content\/uploads\/2023\/05\/CRM-800x683.jpg 800w, https:\/\/b-brave.it\/wp-content\/uploads\/2023\/05\/CRM-1024x874.jpg 1024w, https:\/\/b-brave.it\/wp-content\/uploads\/2023\/05\/CRM-1200x1025.jpg 1200w, https:\/\/b-brave.it\/wp-content\/uploads\/2023\/05\/CRM-1536x1311.jpg 1536w\" data-sizes=\"auto\" data-orig-sizes=\"(max-width: 500px) 100vw, 500px\" \/><\/figure>\n<p><!-- \/wp:image --><\/p>\n<p>&nbsp;<\/p>\n<p><!-- wp:paragraph --><\/p>\n<p class=\"translation-block\">Adoptar una soluci\u00f3n CRM para gestionar los procesos de ventas y gesti\u00f3n de clientes es hoy la inversi\u00f3n necesaria para<br>mejorar la satisfacci\u00f3n del cliente y la relaci\u00f3n con los clientes actuales y potenciales y mejorar el rendimiento de las ventas.<br>El CRM facilita la vida de los directivos y directivos de la empresa, as\u00ed como permite estandarizar los procesos de negocio y permite<br>llevar un seguimiento de las actividades e interacciones con los clientes potenciales, lo que simplifica la lectura por parte del gestor de lo que sucede, permitiendo la comparaci\u00f3n y por tanto la mejora.<\/p>\n<p><!-- \/wp:paragraph --><\/p>\n<p>&nbsp;<\/p>\n<p><!-- wp:paragraph --><\/p>\n<p><strong><span style=\"color: #993300;\">Qu\u00e9 es CRM?<\/span><\/strong><\/p>\n<p>Es una herramienta tecnol\u00f3gica que ayuda a las empresas a gestionar y analizar las interacciones y los datos de los clientes durante todo el ciclo de vida del cliente. Est\u00e1 dise\u00f1ado para optimizar y automatizar muchos aspectos de la gesti\u00f3n de relaciones con los clientes, incluidas las ventas, el marketing y el servicio al cliente.<\/p>\n<p class=\"translation-block\">Las principales \u00e1reas de gesti\u00f3n:<br>\u2013 Gesti\u00f3n de contactos<br>\u2013 Gesti\u00f3n de procesos de ventas<br>\u2013 Automatizaci\u00f3n de procesos de marketing y comunicaci\u00f3n<br>\u2013 Hacerse cargo y gestionar los servicios de atenci\u00f3n y asistencia al cliente<br>\u2013 An\u00e1lisis de datos y estad\u00edsticas\/informes<\/p>\n<p><!-- \/wp:paragraph --><\/p>\n<p>&nbsp;<\/p>\n<p><!-- wp:paragraph --><!-- \/wp:paragraph --><\/p>\n<p><!-- wp:paragraph --><\/p>\n<p class=\"translation-block\">B-CRM es la soluci\u00f3n de software que ofrecemos en modo SaaS. Su n\u00facleo incluye los componentes t\u00edpicos de un CRM y los componentes t\u00edpicos de un gestor documental.<br>Le permite gestionar eficazmente todas las etapas del proceso de venta y posventa.<br>Los diferentes m\u00f3dulos disponibles incluyen: gesti\u00f3n de prospectos, gesti\u00f3n de clientes, gesti\u00f3n de contactos, gesti\u00f3n de flujos de trabajo, servicio de seguimiento de productos\/servicios y almacenes, atenci\u00f3n al cliente, informes y paneles de control.<br>Tambi\u00e9n est\u00e1 equipado con herramientas para apoyar la gesti\u00f3n de actividades de sus clientes (gestor de correo electr\u00f3nico, SMS, Portal de Clientes, etc).<br>El sistema puede ser utilizado por numerosos usuarios simult\u00e1neamente, los cuales pueden organizarse jer\u00e1rquicamente a trav\u00e9s de roles, perfiles y grupos.<\/p>\n<\/div><\/div><\/div><\/div><\/div><div class=\"fusion-fullwidth fullwidth-box fusion-builder-row-2 fusion-flex-container has-pattern-background has-mask-background nonhundred-percent-fullwidth non-hundred-percent-height-scrolling\" style=\"--link_hover_color: var(--awb-custom_color_1);--link_color: var(--awb-custom_color_1);--awb-border-radius-top-left:0px;--awb-border-radius-top-right:0px;--awb-border-radius-bottom-right:0px;--awb-border-radius-bottom-left:0px;--awb-padding-top:100px;--awb-padding-bottom:70px;--awb-margin-top:50px;--awb-margin-bottom:50px;--awb-background-color:#d2e0d7;\" ><div class=\"fusion-builder-row fusion-row fusion-flex-align-items-flex-start\" style=\"max-width:1224px;margin-left: calc(-2% \/ 2 );margin-right: calc(-2% \/ 2 );\"><div class=\"fusion-layout-column fusion_builder_column fusion-builder-column-1 fusion_builder_column_1_6 1_6 fusion-flex-column fusion-no-small-visibility\" style=\"--awb-bg-blend:overlay;--awb-bg-size:cover;--awb-width-large:16.666666666667%;--awb-margin-top-large:0px;--awb-spacing-right-large:5.88%;--awb-margin-bottom-large:0px;--awb-spacing-left-large:5.88%;--awb-width-medium:100%;--awb-spacing-right-medium:0.98%;--awb-spacing-left-medium:0.98%;--awb-width-small:100%;--awb-spacing-right-small:0.98%;--awb-spacing-left-small:0.98%;\"><div class=\"fusion-column-wrapper fusion-flex-justify-content-flex-start fusion-content-layout-column\"><\/div><\/div><div class=\"fusion-layout-column fusion_builder_column fusion-builder-column-2 fusion_builder_column_2_3 2_3 fusion-flex-column\" style=\"--awb-bg-blend:overlay;--awb-bg-size:cover;--awb-width-large:66.666666666667%;--awb-margin-top-large:0px;--awb-spacing-right-large:1.47%;--awb-margin-bottom-large:50px;--awb-spacing-left-large:1.47%;--awb-width-medium:100%;--awb-spacing-right-medium:0.98%;--awb-spacing-left-medium:0.98%;--awb-width-small:100%;--awb-spacing-right-small:0.98%;--awb-spacing-left-small:0.98%;\"><div class=\"fusion-column-wrapper fusion-flex-justify-content-flex-start fusion-content-layout-column\"><div class=\"fusion-title title fusion-title-1 fusion-title-center fusion-title-text fusion-title-size-two\"><div class=\"title-sep-container title-sep-container-left\"><div class=\"title-sep sep- sep-solid\" style=\"border-color:var(--awb-color3);\"><\/div><\/div><span class=\"awb-title-spacer\"><\/span><h2 class=\"title-heading-center fusion-responsive-typography-calculated\" style=\"margin:0;--fontSize:30;--minFontSize:30;line-height:1.0;\"><span style=\"color: #993300;\"><strong>NUESTRA EXPERIENCIA<\/strong><\/span><\/h2><span class=\"awb-title-spacer\"><\/span><div class=\"title-sep-container title-sep-container-right\"><div class=\"title-sep sep- sep-solid\" style=\"border-color:var(--awb-color3);\"><\/div><\/div><\/div><div style=\"text-align:center;\"><a class=\"fusion-button button-flat fusion-button-default-size button-custom fusion-button-default button-1 fusion-button-default-span fusion-button-default-type\" style=\"--button_accent_color:var(--awb-color1);--button_accent_hover_color:var(--awb-color1);--button_border_hover_color:var(--awb-color1);--button_gradient_top_color:var(--awb-custom_color_1);--button_gradient_bottom_color:var(--awb-custom_color_1);--button_gradient_top_color_hover:var(--awb-custom_color_1);--button_gradient_bottom_color_hover:var(--awb-custom_color_1);\" target=\"_self\" href=\"https:\/\/b-brave.it\/es\/expertise\/\"><span class=\"fusion-button-text\">LEER M\u00c0S<\/span><\/a><\/div><\/div><\/div><div class=\"fusion-layout-column fusion_builder_column fusion-builder-column-3 fusion_builder_column_1_6 1_6 fusion-flex-column fusion-no-small-visibility\" style=\"--awb-bg-blend:overlay;--awb-bg-size:cover;--awb-width-large:16.666666666667%;--awb-margin-top-large:0px;--awb-spacing-right-large:5.88%;--awb-margin-bottom-large:0px;--awb-spacing-left-large:5.88%;--awb-width-medium:100%;--awb-spacing-right-medium:0.98%;--awb-spacing-left-medium:0.98%;--awb-width-small:100%;--awb-spacing-right-small:0.98%;--awb-spacing-left-small:0.98%;\"><div class=\"fusion-column-wrapper fusion-flex-justify-content-flex-start fusion-content-layout-column\"><\/div><\/div><\/div><\/div><\/p>","protected":false},"excerpt":{"rendered":"","protected":false},"author":1,"featured_media":0,"parent":0,"menu_order":0,"comment_status":"closed","ping_status":"closed","template":"","meta":{"footnotes":""},"class_list":["post-2678","page","type-page","status-publish","hentry"],"_links":{"self":[{"href":"https:\/\/b-brave.it\/es\/wp-json\/wp\/v2\/pages\/2678","targetHints":{"allow":["GET"]}}],"collection":[{"href":"https:\/\/b-brave.it\/es\/wp-json\/wp\/v2\/pages"}],"about":[{"href":"https:\/\/b-brave.it\/es\/wp-json\/wp\/v2\/types\/page"}],"author":[{"embeddable":true,"href":"https:\/\/b-brave.it\/es\/wp-json\/wp\/v2\/users\/1"}],"replies":[{"embeddable":true,"href":"https:\/\/b-brave.it\/es\/wp-json\/wp\/v2\/comments?post=2678"}],"version-history":[{"count":2,"href":"https:\/\/b-brave.it\/es\/wp-json\/wp\/v2\/pages\/2678\/revisions"}],"predecessor-version":[{"id":2688,"href":"https:\/\/b-brave.it\/es\/wp-json\/wp\/v2\/pages\/2678\/revisions\/2688"}],"wp:attachment":[{"href":"https:\/\/b-brave.it\/es\/wp-json\/wp\/v2\/media?parent=2678"}],"curies":[{"name":"wp","href":"https:\/\/api.w.org\/{rel}","templated":true}]}}