{"id":2697,"date":"2023-05-10T12:55:11","date_gmt":"2023-05-10T10:55:11","guid":{"rendered":"https:\/\/b-brave.it\/?page_id=2697"},"modified":"2023-05-10T13:24:38","modified_gmt":"2023-05-10T11:24:38","slug":"system-inegration","status":"publish","type":"page","link":"https:\/\/b-brave.it\/es\/system-inegration\/","title":{"rendered":"System Inegration"},"content":{"rendered":"<p><div class=\"fusion-fullwidth fullwidth-box fusion-builder-row-1 fusion-flex-container nonhundred-percent-fullwidth non-hundred-percent-height-scrolling\" style=\"--awb-border-radius-top-left:0px;--awb-border-radius-top-right:0px;--awb-border-radius-bottom-right:0px;--awb-border-radius-bottom-left:0px;\" ><div class=\"fusion-builder-row fusion-row fusion-flex-align-items-flex-start\" style=\"max-width:1224px;margin-left: calc(-2% \/ 2 );margin-right: calc(-2% \/ 2 );\"><div class=\"fusion-layout-column fusion_builder_column fusion-builder-column-0 fusion_builder_column_1_1 1_1 fusion-flex-column\" style=\"--awb-bg-blend:overlay;--awb-bg-size:cover;--awb-width-large:100%;--awb-margin-top-large:0px;--awb-spacing-right-large:0.98%;--awb-margin-bottom-large:0px;--awb-spacing-left-large:0.98%;--awb-width-medium:100%;--awb-spacing-right-medium:0.98%;--awb-spacing-left-medium:0.98%;--awb-width-small:100%;--awb-spacing-right-small:0.98%;--awb-spacing-left-small:0.98%;\"><div class=\"fusion-column-wrapper fusion-flex-justify-content-flex-start fusion-content-layout-column\"><div class=\"fusion-text fusion-text-1\" style=\"--awb-font-size:20px;--awb-text-font-family:&quot;Archivo&quot;;--awb-text-font-style:normal;--awb-text-font-weight:400;\"><h3 class=\"wp-block-preformatted fusion-responsive-typography-calculated\" style=\"--fontsize: 42; line-height: 1.3;\" data-fontsize=\"42\" data-lineheight=\"54.6px\">Innova tu negocio!<\/h3>\n<p><!-- \/wp:preformatted --><\/p>\n<p>&nbsp;<\/p>\n<p><!-- wp:image {\"align\":\"right\",\"id\":2390,\"sizeSlug\":\"full\",\"linkDestination\":\"none\"} --><\/p>\n<figure class=\"wp-block-image alignright size-full\"><img decoding=\"async\" class=\"lazyload alignnone wp-image-2700\" src=\"https:\/\/b-brave.it\/wp-content\/uploads\/2023\/05\/System-Integration.png\" data-orig-src=\"https:\/\/b-brave.it\/wp-content\/uploads\/2023\/05\/System-Integration.png\" alt=\"\" width=\"450\" height=\"514\" srcset=\"data:image\/svg+xml,%3Csvg%20xmlns%3D%27http%3A%2F%2Fwww.w3.org%2F2000%2Fsvg%27%20width%3D%27450%27%20height%3D%27514%27%20viewBox%3D%270%200%20450%20514%27%3E%3Crect%20width%3D%27450%27%20height%3D%27514%27%20fill-opacity%3D%220%22%2F%3E%3C%2Fsvg%3E\" data-srcset=\"https:\/\/b-brave.it\/wp-content\/uploads\/2023\/05\/System-Integration-11x12.png 11w, https:\/\/b-brave.it\/wp-content\/uploads\/2023\/05\/System-Integration-200x229.png 200w, https:\/\/b-brave.it\/wp-content\/uploads\/2023\/05\/System-Integration.png 210w\" data-sizes=\"auto\" data-orig-sizes=\"(max-width: 450px) 100vw, 450px\" \/><\/figure>\n<p><!-- \/wp:image --><\/p>\n<p><!-- wp:paragraph --><\/p>\n<p><strong><span style=\"color: #993300;\">Qu\u00e9 es la integraci\u00f3n de sistemas?<\/span><\/strong><\/p>\n<p class=\"translation-block\">La integraci\u00f3n de sistemas y aplicaciones es la construcci\u00f3n de canales de conexi\u00f3n e interconexi\u00f3n entre plataformas heterog\u00e9neas.<br>Una interconexi\u00f3n que tiene como objetivo crear sinergias entre los recursos de los elementos individuales, liberando potencial no aprovechado y poni\u00e9ndolo al servicio de operadores, usuarios empresariales y, sobre todo, clientes.<\/p>\n<p><!-- \/wp:paragraph --><\/p>\n<p><strong><span style=\"color: #993300;\">Por qu\u00e9 integrar sistemas?<\/span><\/strong><\/p>\n<p><!-- \/wp:paragraph --><\/p>\n<p><!-- wp:paragraph --><\/p>\n<p class=\"translation-block\">En un contexto en constante cambio, es necesario integrar los distintos componentes que componen los sistemas de informaci\u00f3n corporativos, Clouds, plataformas, APIs, IoT, etc.<br>As\u00ed como es necesario evolucionar el entorno de trabajo, la organizaci\u00f3n y el cultura de IT, hasta las relaciones con los clientes.<\/p>\n<p><!-- \/wp:paragraph --><\/p>\n<p><!-- wp:paragraph --><!-- \/wp:paragraph --><\/p>\n<p><!-- wp:paragraph --><\/p>\n<p><span style=\"color: #993300;\"><strong>lo que proponemos<\/strong><\/span><br \/>Tenemos una visi\u00f3n clara de la evoluci\u00f3n de la Gesti\u00f3n de Aplicaciones, trabajamos junto al cliente para desarrollar un sistema de informaci\u00f3n cada vez m\u00e1s cercano a sus necesidades de negocio, poniendo su conocimiento del negocio y la innovaci\u00f3n al servicio de la transformaci\u00f3n de los sistemas de informaci\u00f3n del cliente.<\/p>\n<\/div><\/div><\/div><\/div><\/div><div class=\"fusion-fullwidth fullwidth-box fusion-builder-row-2 fusion-flex-container has-pattern-background has-mask-background nonhundred-percent-fullwidth non-hundred-percent-height-scrolling\" style=\"--link_hover_color: var(--awb-custom_color_1);--link_color: var(--awb-custom_color_1);--awb-border-radius-top-left:0px;--awb-border-radius-top-right:0px;--awb-border-radius-bottom-right:0px;--awb-border-radius-bottom-left:0px;--awb-padding-top:100px;--awb-padding-bottom:70px;--awb-margin-top:50px;--awb-margin-bottom:50px;--awb-background-color:#d2e0d7;\" ><div class=\"fusion-builder-row fusion-row fusion-flex-align-items-flex-start\" style=\"max-width:1224px;margin-left: calc(-2% \/ 2 );margin-right: calc(-2% \/ 2 );\"><div class=\"fusion-layout-column fusion_builder_column fusion-builder-column-1 fusion_builder_column_1_6 1_6 fusion-flex-column fusion-no-small-visibility\" style=\"--awb-bg-blend:overlay;--awb-bg-size:cover;--awb-width-large:16.666666666667%;--awb-margin-top-large:0px;--awb-spacing-right-large:5.88%;--awb-margin-bottom-large:0px;--awb-spacing-left-large:5.88%;--awb-width-medium:100%;--awb-spacing-right-medium:0.98%;--awb-spacing-left-medium:0.98%;--awb-width-small:100%;--awb-spacing-right-small:0.98%;--awb-spacing-left-small:0.98%;\"><div class=\"fusion-column-wrapper fusion-flex-justify-content-flex-start fusion-content-layout-column\"><\/div><\/div><div class=\"fusion-layout-column fusion_builder_column fusion-builder-column-2 fusion_builder_column_2_3 2_3 fusion-flex-column\" style=\"--awb-bg-blend:overlay;--awb-bg-size:cover;--awb-width-large:66.666666666667%;--awb-margin-top-large:0px;--awb-spacing-right-large:1.47%;--awb-margin-bottom-large:50px;--awb-spacing-left-large:1.47%;--awb-width-medium:100%;--awb-spacing-right-medium:0.98%;--awb-spacing-left-medium:0.98%;--awb-width-small:100%;--awb-spacing-right-small:0.98%;--awb-spacing-left-small:0.98%;\"><div class=\"fusion-column-wrapper fusion-flex-justify-content-flex-start fusion-content-layout-column\"><div class=\"fusion-title title fusion-title-1 fusion-title-center fusion-title-text fusion-title-size-two\"><div class=\"title-sep-container title-sep-container-left\"><div class=\"title-sep sep- sep-solid\" style=\"border-color:var(--awb-color3);\"><\/div><\/div><span class=\"awb-title-spacer\"><\/span><h2 class=\"title-heading-center fusion-responsive-typography-calculated\" style=\"margin:0;--fontSize:30;--minFontSize:30;line-height:1.0;\"><span style=\"color: #993300;\"><strong>NUESTRA EXPERIENCIA<\/strong><\/span><\/h2><span class=\"awb-title-spacer\"><\/span><div class=\"title-sep-container title-sep-container-right\"><div class=\"title-sep sep- sep-solid\" style=\"border-color:var(--awb-color3);\"><\/div><\/div><\/div><div style=\"text-align:center;\"><a class=\"fusion-button button-flat fusion-button-default-size button-custom fusion-button-default button-1 fusion-button-default-span fusion-button-default-type\" style=\"--button_accent_color:var(--awb-color1);--button_accent_hover_color:var(--awb-color1);--button_border_hover_color:var(--awb-color1);--button_gradient_top_color:var(--awb-custom_color_1);--button_gradient_bottom_color:var(--awb-custom_color_1);--button_gradient_top_color_hover:var(--awb-custom_color_1);--button_gradient_bottom_color_hover:var(--awb-custom_color_1);\" target=\"_self\" href=\"https:\/\/b-brave.it\/es\/expertise\/\"><span class=\"fusion-button-text\">LEER M\u00c0S<\/span><\/a><\/div><\/div><\/div><div class=\"fusion-layout-column fusion_builder_column fusion-builder-column-3 fusion_builder_column_1_6 1_6 fusion-flex-column fusion-no-small-visibility\" style=\"--awb-bg-blend:overlay;--awb-bg-size:cover;--awb-width-large:16.666666666667%;--awb-margin-top-large:0px;--awb-spacing-right-large:5.88%;--awb-margin-bottom-large:0px;--awb-spacing-left-large:5.88%;--awb-width-medium:100%;--awb-spacing-right-medium:0.98%;--awb-spacing-left-medium:0.98%;--awb-width-small:100%;--awb-spacing-right-small:0.98%;--awb-spacing-left-small:0.98%;\"><div class=\"fusion-column-wrapper fusion-flex-justify-content-flex-start fusion-content-layout-column\"><\/div><\/div><\/div><\/div><\/p>","protected":false},"excerpt":{"rendered":"","protected":false},"author":1,"featured_media":0,"parent":0,"menu_order":0,"comment_status":"closed","ping_status":"closed","template":"","meta":{"footnotes":""},"class_list":["post-2697","page","type-page","status-publish","hentry"],"yoast_head":"<!-- This site is optimized with the Yoast SEO plugin v23.8 - https:\/\/yoast.com\/wordpress\/plugins\/seo\/ -->\n<title>System Inegration - B-Brave<\/title>\n<meta name=\"robots\" content=\"index, follow, max-snippet:-1, max-image-preview:large, max-video-preview:-1\" \/>\n<link rel=\"canonical\" href=\"https:\/\/b-brave.it\/es\/system-inegration\/\" \/>\n<meta property=\"og:locale\" content=\"es_ES\" \/>\n<meta property=\"og:type\" content=\"article\" \/>\n<meta property=\"og:title\" content=\"System Inegration - B-Brave\" \/>\n<meta property=\"og:url\" content=\"https:\/\/b-brave.it\/es\/system-inegration\/\" \/>\n<meta property=\"og:site_name\" content=\"B-Brave\" \/>\n<meta property=\"article:publisher\" content=\"https:\/\/www.facebook.com\/bbravelecce\" \/>\n<meta property=\"article:modified_time\" content=\"2023-05-10T11:24:38+00:00\" \/>\n<meta property=\"og:image\" content=\"https:\/\/b-brave.it\/wp-content\/uploads\/2023\/05\/System-Integration.png\" \/>\n<meta name=\"twitter:card\" content=\"summary_large_image\" \/>\n<meta name=\"twitter:label1\" content=\"Tiempo de lectura\" \/>\n\t<meta name=\"twitter:data1\" content=\"4 minutos\" \/>\n<script type=\"application\/ld+json\" class=\"yoast-schema-graph\">{\"@context\":\"https:\/\/schema.org\",\"@graph\":[{\"@type\":\"WebPage\",\"@id\":\"https:\/\/b-brave.it\/system-inegration\/\",\"url\":\"https:\/\/b-brave.it\/system-inegration\/\",\"name\":\"System Inegration - B-Brave\",\"isPartOf\":{\"@id\":\"https:\/\/b-brave.it\/#website\"},\"primaryImageOfPage\":{\"@id\":\"https:\/\/b-brave.it\/system-inegration\/#primaryimage\"},\"image\":{\"@id\":\"https:\/\/b-brave.it\/system-inegration\/#primaryimage\"},\"thumbnailUrl\":\"https:\/\/b-brave.it\/wp-content\/uploads\/2023\/05\/System-Integration.png\",\"datePublished\":\"2023-05-10T10:55:11+00:00\",\"dateModified\":\"2023-05-10T11:24:38+00:00\",\"breadcrumb\":{\"@id\":\"https:\/\/b-brave.it\/system-inegration\/#breadcrumb\"},\"inLanguage\":\"es\",\"potentialAction\":[{\"@type\":\"ReadAction\",\"target\":[\"https:\/\/b-brave.it\/system-inegration\/\"]}]},{\"@type\":\"ImageObject\",\"inLanguage\":\"es\",\"@id\":\"https:\/\/b-brave.it\/system-inegration\/#primaryimage\",\"url\":\"https:\/\/b-brave.it\/wp-content\/uploads\/2023\/05\/System-Integration.png\",\"contentUrl\":\"https:\/\/b-brave.it\/wp-content\/uploads\/2023\/05\/System-Integration.png\"},{\"@type\":\"BreadcrumbList\",\"@id\":\"https:\/\/b-brave.it\/system-inegration\/#breadcrumb\",\"itemListElement\":[{\"@type\":\"ListItem\",\"position\":1,\"name\":\"Home\",\"item\":\"https:\/\/b-brave.it\/\"},{\"@type\":\"ListItem\",\"position\":2,\"name\":\"System Inegration\"}]},{\"@type\":\"WebSite\",\"@id\":\"https:\/\/b-brave.it\/#website\",\"url\":\"https:\/\/b-brave.it\/\",\"name\":\"B-Brave\",\"description\":\"Go the extra mile\",\"publisher\":{\"@id\":\"https:\/\/b-brave.it\/#organization\"},\"potentialAction\":[{\"@type\":\"SearchAction\",\"target\":{\"@type\":\"EntryPoint\",\"urlTemplate\":\"https:\/\/b-brave.it\/?s={search_term_string}\"},\"query-input\":{\"@type\":\"PropertyValueSpecification\",\"valueRequired\":true,\"valueName\":\"search_term_string\"}}],\"inLanguage\":\"es\"},{\"@type\":\"Organization\",\"@id\":\"https:\/\/b-brave.it\/#organization\",\"name\":\"B-Brave\",\"url\":\"https:\/\/b-brave.it\/\",\"logo\":{\"@type\":\"ImageObject\",\"inLanguage\":\"es\",\"@id\":\"https:\/\/b-brave.it\/#\/schema\/logo\/image\/\",\"url\":\"https:\/\/b-brave.it\/wp-content\/uploads\/2021\/09\/favicon.png\",\"contentUrl\":\"https:\/\/b-brave.it\/wp-content\/uploads\/2021\/09\/favicon.png\",\"width\":116,\"height\":116,\"caption\":\"B-Brave\"},\"image\":{\"@id\":\"https:\/\/b-brave.it\/#\/schema\/logo\/image\/\"},\"sameAs\":[\"https:\/\/www.facebook.com\/bbravelecce\",\"https:\/\/www.linkedin.com\/company\/b-brave-software\/\"]}]}<\/script>\n<!-- \/ Yoast SEO plugin. -->","yoast_head_json":{"title":"System Inegration - B-Brave","robots":{"index":"index","follow":"follow","max-snippet":"max-snippet:-1","max-image-preview":"max-image-preview:large","max-video-preview":"max-video-preview:-1"},"canonical":"https:\/\/b-brave.it\/es\/system-inegration\/","og_locale":"es_ES","og_type":"article","og_title":"System Inegration - B-Brave","og_url":"https:\/\/b-brave.it\/es\/system-inegration\/","og_site_name":"B-Brave","article_publisher":"https:\/\/www.facebook.com\/bbravelecce","article_modified_time":"2023-05-10T11:24:38+00:00","og_image":[{"url":"https:\/\/b-brave.it\/wp-content\/uploads\/2023\/05\/System-Integration.png"}],"twitter_card":"summary_large_image","twitter_misc":{"Tiempo de lectura":"4 minutos"},"schema":{"@context":"https:\/\/schema.org","@graph":[{"@type":"WebPage","@id":"https:\/\/b-brave.it\/system-inegration\/","url":"https:\/\/b-brave.it\/system-inegration\/","name":"System Inegration - B-Brave","isPartOf":{"@id":"https:\/\/b-brave.it\/#website"},"primaryImageOfPage":{"@id":"https:\/\/b-brave.it\/system-inegration\/#primaryimage"},"image":{"@id":"https:\/\/b-brave.it\/system-inegration\/#primaryimage"},"thumbnailUrl":"https:\/\/b-brave.it\/wp-content\/uploads\/2023\/05\/System-Integration.png","datePublished":"2023-05-10T10:55:11+00:00","dateModified":"2023-05-10T11:24:38+00:00","breadcrumb":{"@id":"https:\/\/b-brave.it\/system-inegration\/#breadcrumb"},"inLanguage":"es","potentialAction":[{"@type":"ReadAction","target":["https:\/\/b-brave.it\/system-inegration\/"]}]},{"@type":"ImageObject","inLanguage":"es","@id":"https:\/\/b-brave.it\/system-inegration\/#primaryimage","url":"https:\/\/b-brave.it\/wp-content\/uploads\/2023\/05\/System-Integration.png","contentUrl":"https:\/\/b-brave.it\/wp-content\/uploads\/2023\/05\/System-Integration.png"},{"@type":"BreadcrumbList","@id":"https:\/\/b-brave.it\/system-inegration\/#breadcrumb","itemListElement":[{"@type":"ListItem","position":1,"name":"Home","item":"https:\/\/b-brave.it\/"},{"@type":"ListItem","position":2,"name":"System Inegration"}]},{"@type":"WebSite","@id":"https:\/\/b-brave.it\/#website","url":"https:\/\/b-brave.it\/","name":"B-Brave","description":"Go the extra mile","publisher":{"@id":"https:\/\/b-brave.it\/#organization"},"potentialAction":[{"@type":"SearchAction","target":{"@type":"EntryPoint","urlTemplate":"https:\/\/b-brave.it\/?s={search_term_string}"},"query-input":{"@type":"PropertyValueSpecification","valueRequired":true,"valueName":"search_term_string"}}],"inLanguage":"es"},{"@type":"Organization","@id":"https:\/\/b-brave.it\/#organization","name":"B-Brave","url":"https:\/\/b-brave.it\/","logo":{"@type":"ImageObject","inLanguage":"es","@id":"https:\/\/b-brave.it\/#\/schema\/logo\/image\/","url":"https:\/\/b-brave.it\/wp-content\/uploads\/2021\/09\/favicon.png","contentUrl":"https:\/\/b-brave.it\/wp-content\/uploads\/2021\/09\/favicon.png","width":116,"height":116,"caption":"B-Brave"},"image":{"@id":"https:\/\/b-brave.it\/#\/schema\/logo\/image\/"},"sameAs":["https:\/\/www.facebook.com\/bbravelecce","https:\/\/www.linkedin.com\/company\/b-brave-software\/"]}]}},"_links":{"self":[{"href":"https:\/\/b-brave.it\/es\/wp-json\/wp\/v2\/pages\/2697"}],"collection":[{"href":"https:\/\/b-brave.it\/es\/wp-json\/wp\/v2\/pages"}],"about":[{"href":"https:\/\/b-brave.it\/es\/wp-json\/wp\/v2\/types\/page"}],"author":[{"embeddable":true,"href":"https:\/\/b-brave.it\/es\/wp-json\/wp\/v2\/users\/1"}],"replies":[{"embeddable":true,"href":"https:\/\/b-brave.it\/es\/wp-json\/wp\/v2\/comments?post=2697"}],"version-history":[{"count":2,"href":"https:\/\/b-brave.it\/es\/wp-json\/wp\/v2\/pages\/2697\/revisions"}],"predecessor-version":[{"id":2702,"href":"https:\/\/b-brave.it\/es\/wp-json\/wp\/v2\/pages\/2697\/revisions\/2702"}],"wp:attachment":[{"href":"https:\/\/b-brave.it\/es\/wp-json\/wp\/v2\/media?parent=2697"}],"curies":[{"name":"wp","href":"https:\/\/api.w.org\/{rel}","templated":true}]}}